{"id":3355,"date":"2023-10-24T16:24:00","date_gmt":"2023-10-24T16:24:00","guid":{"rendered":"https:\/\/www.fabricacinturones.com\/geschichte-und-ursprung-von-jmn\/"},"modified":"2023-10-24T16:24:04","modified_gmt":"2023-10-24T16:24:04","slug":"geschichte-und-ursprung-von-jmn","status":"publish","type":"page","link":"https:\/\/www.fabricacinturones.com\/de\/geschichte-und-ursprung-von-jmn\/","title":{"rendered":"Geschichte und Ursprung von Jmn"},"content":{"rendered":"\n[row style=&#8220;collapse&#8220; width=&#8220;full-width&#8220;]\n\n[col span=&#8220;6&#8243; span__sm=&#8220;12&#8243; visibility=&#8220;hide-for-small&#8220;]\n\n[ux_banner bg=&#8220;619&#8243; bg_color=&#8220;rgb(255, 255, 255)&#8220; bg_pos=&#8220;47% 47%&#8220;]\n\n\n[\/ux_banner]\n\n[\/col]\n[col span=&#8220;6&#8243; span__sm=&#8220;12&#8243;]\n\n[ux_banner height=&#8220;400px&#8220; bg_color=&#8220;rgb(255,255,255)&#8220;]\n\n[text_box text_color=&#8220;dark&#8220; width=&#8220;57&#8243; position_x=&#8220;50&#8243; position_y=&#8220;50&#8243;]\n\n<h2>WER SIND WIR?<\/h2>\n<p><span style=\"font-size:120%;color:#white\">Wir wollen die besten G\u00fcrtel entwerfen und dem Verbraucher auf ehrliche Weise anbieten, indem wir dem Produkt durch seine Beschaffenheit einen Wert verleihen und mit dem Ziel der Marke zusammenarbeiten, das Handwerk zu f\u00f6rdern.<\/p>\n<p><span style=\"font-size:120%;color:#white\">Wir sind nicht nur Kunsthandwerker f\u00fcr hochwertige <b>Lederaccessoires f\u00fcr Damen und Herren<\/b>, sondern verwenden auch nur speziell ausgew\u00e4hlte Materialien, da wir exklusive Accessoires anbieten m\u00f6chten, getreu unserem Motto &#8222;die Details machen den Unterschied&#8220;.<\/p>\n\n[\/text_box]\n\n[\/ux_banner]\n\n[\/col]\n\n[\/row]\n<h1 class=\"uppercase\" style=\"text-align: center\"><span style=\"font-size: 100%\">Wer sind wir?<\/span><\/h1>\n<h3 class=\"thin-font\" style=\"text-align: center\"><span style=\"font-size: 80%\">KONTINUIERLICHES LERNEN<\/span><\/h3>\n[row h_align=&#8220;center&#8220;]\n\n[col span=&#8220;3&#8243; span__sm=&#8220;8&#8243;]\n\n[team_member img=&#8220;1500&#8243; name=&#8220;Josep Deulofeu&#8220; title=&#8220;Gr\u00fcnder&#8220; depth=&#8220;1&#8243; icon_style=&#8220;small&#8220; facebook=&#8220;x&#8220; twitter=&#8220;x&#8220; email=&#8220;x&#8220; linkedin=&#8220;x&#8220; image_height=&#8220;100%&#8220; image_width=&#8220;80&#8243; image_radius=&#8220;100&#8243;]\n\n<p>Wir starten dieses neue Projekt, um in Spanien hergestellte Qualit\u00e4tsg\u00fcrtel anzubieten.<\/p>\n\n[\/team_member]\n\n[\/col]\n[col span=&#8220;3&#8243; span__sm=&#8220;8&#8243;]\n\n[team_member img=&#8220;119&#8243; name=&#8220;\u00bfQuieres unirte?&#8220; depth=&#8220;1&#8243; icon_style=&#8220;small&#8220; facebook=&#8220;x&#8220; twitter=&#8220;x&#8220; email=&#8220;x&#8220; linkedin=&#8220;x&#8220; image_height=&#8220;100%&#8220; image_width=&#8220;80&#8243; image_radius=&#8220;100&#8243;]\n\n<p>Wir brauchen einen Social-Media-Ninja, um den Kommunikationskanal anzukurbeln UND die Sichtbarkeit zu erh\u00f6hen.<\/p>\n\n[\/team_member]\n\n[\/col]\n[col span=&#8220;3&#8243; span__sm=&#8220;8&#8243;]\n\n[team_member img=&#8220;119&#8243; name=&#8220;\u00bfQuieres unirte?&#8220; depth=&#8220;1&#8243; icon_style=&#8220;small&#8220; facebook=&#8220;x&#8220; twitter=&#8220;x&#8220; email=&#8220;x&#8220; linkedin=&#8220;x&#8220; image_height=&#8220;100%&#8220; image_width=&#8220;80&#8243; image_radius=&#8220;100&#8243;]\n\n<p>Sind Sie ein Photoshop-Hacker? wir k\u00f6nnten Ihre Hilfe bei der Illustration unserer Markenidentit\u00e4t gut gebrauchen \ud83d\ude09<\/p>\n\n[\/team_member]\n\n[\/col]\n[col span=&#8220;3&#8243; span__sm=&#8220;8&#8243; padding=&#8220;px 0px 0px 0px&#8220; margin=&#8220;150px 0px 0px 0px&#8220;]\n\n[button text=&#8220;Kontaktieren Sie uns, um an dem Projekt teilzunehmen ;)&#8220; letter_case=&#8220;lowercase&#8220; size=&#8220;xsmall&#8220; padding=&#8220;px 0px 0px 0px&#8220; radius=&#8220;40&#8243; depth=&#8220;2&#8243; link=&#8220;https:\/\/www.josepdeulofeu.com\/contacto\/&#8220; target=&#8220;_blank&#8220;]\n\n\n[\/col]\n\n[\/row]\n[row style=&#8220;collapse&#8220; width=&#8220;full-width&#8220;]\n\n[col span=&#8220;6&#8243; span__sm=&#8220;12&#8243;]\n\n[ux_banner height=&#8220;450px&#8220; bg_color=&#8220;rgb(255,255,255)&#8220;]\n\n[text_box text_color=&#8220;dark&#8220; width=&#8220;57&#8243; position_x=&#8220;50&#8243; position_y=&#8220;50&#8243;]\n\n<h2>WAS MACHT UNS ANDERS?<\/h2>\n<p><span style=\"font-size: 130%\">Die traditionellen Berufe gehen verloren und damit<strong> auch ihre Originalit\u00e4t und ihr Design<\/strong>.<\/span><\/p>\n<p><span style=\"font-size: 130%\">Die exzessive Herstellung von Designs in der Modebranche ist nicht nachhaltig, daher wollen wir <strong>zeitlose und besondere G\u00fcrteldesigns in ihrer Herstellung<\/strong> f\u00f6rdern.<\/span><\/p>\n<p><span style=\"font-size: 130%\">Als Hersteller wollen wir <strong>die handwerkliche Kreativit\u00e4t <\/strong>, die unsere Designs und Kollektionen pr\u00e4gt, <strong>wiederbeleben <\/strong>.<\/span><\/p>\n<p><span style=\"font-size: 130%\">Alle unsere <b>Lederg\u00fcrtel<\/b> werden von einheimischen Handwerkern hergestellt, f\u00fcr die <strong>Perfektion und Liebe zum Detail<\/strong> zum t\u00e4glichen Gesch\u00e4ft geh\u00f6ren.<\/span><\/p>\n\n[\/text_box]\n\n[\/ux_banner]\n\n[\/col]\n[col span=&#8220;6&#8243; span__sm=&#8220;12&#8243; force_first=&#8220;small&#8220;]\n\n[ux_banner bg=&#8220;620&#8243; bg_color=&#8220;rgb(255, 255, 255)&#8220;]\n\n\n[\/ux_banner]\n\n[\/col]\n\n[\/row]\n[gap height=&#8220;50px&#8220;]\n\n[gap]\n\n[gap height=&#8220;38px&#8220;]\n\n<h1 style=\"text-align: center\" data-padding=\"5px\"><span style=\"font-size: 130%\" data-line-height=\"xs\">UNSERE ZIELE<\/span><\/h1>\n[divider align=&#8220;center&#8220; width=&#8220;83px&#8220;]\n\n[gap height=&#8220;15px&#8220;]\n\n[row]\n\n[col span__sm=&#8220;12&#8243; padding=&#8220;0px 0px 20px 0px&#8220;]\n\n[ux_banner height=&#8220;31%&#8220; bg=&#8220;1348&#8243; bg_size=&#8220;thumbnail&#8220; bg_overlay=&#8220;rgba(168, 168, 168, 0.5)&#8220; bg_pos=&#8220;91% 54%&#8220; parallax=&#8220;3&#8243;]\n\n[text_box position_x=&#8220;50&#8243; position_y=&#8220;50&#8243;]\n\n\n[\/text_box]\n\n[\/ux_banner]\n\n[\/col]\n\n[\/row]\n[row h_align=&#8220;center&#8220;]\n\n[col span=&#8220;4&#8243; span__sm=&#8220;10&#8243; align=&#8220;center&#8220;]\n\n[featured_box img_width=&#8220;53&#8243; pos=&#8220;center&#8220; icon_border=&#8220;2&#8243; icon_color=&#8220;rgb(72, 77, 105)&#8220;]\n\n<h3>ZIEL<\/h3>\n<p>Die Bedeutung der Liebe zum Detail mit unserer Spezialisierung auf die Herstellung und Produktion von G\u00fcrteln f\u00fcr Damen und Herren zu verbinden.<\/p>\n\n[\/featured_box]\n[gap height=&#8220;20px&#8220;]\n\n\n[\/col]\n[col span=&#8220;4&#8243; span__sm=&#8220;10&#8243; align=&#8220;center&#8220;]\n\n[featured_box img_width=&#8220;53&#8243; pos=&#8220;center&#8220; icon_border=&#8220;2&#8243; icon_color=&#8220;rgb(72, 77, 105)&#8220;]\n\n<h3>MISSION<\/h3>\n<p>F\u00f6rderung der einheimischen Produktion durch fairen Handel mit lokal hergestellten Kleidungsst\u00fccken mit G\u00fcrteln zum Tragen.<\/p>\n\n[\/featured_box]\n[gap height=&#8220;20px&#8220;]\n\n\n[\/col]\n[col span=&#8220;4&#8243; span__sm=&#8220;10&#8243; align=&#8220;center&#8220;]\n\n[featured_box img_width=&#8220;53&#8243; pos=&#8220;center&#8220; icon_border=&#8220;2&#8243; icon_color=&#8220;rgb(72, 77, 105)&#8220;]\n\n<h3>WERTEN<\/h3>\n<p>Co-Kreation von Designs mit unseren Kunden, Kommunikation von Mensch zu Mensch, die die Beziehung zwischen der Marke und dem K\u00e4ufer erleichtert und darauf abzielt, einzigartige G\u00fcrtel in Qualit\u00e4t und Design zu schaffen.<\/p>\n\n[\/featured_box]\n[gap height=&#8220;20px&#8220;]\n\n\n[\/col]\n\n[\/row]\n\n","protected":false},"excerpt":{"rendered":"","protected":false},"author":1,"featured_media":0,"parent":0,"menu_order":0,"comment_status":"closed","ping_status":"closed","template":"","meta":{"site-sidebar-layout":"default","site-content-layout":"","ast-site-content-layout":"default","site-content-style":"default","site-sidebar-style":"default","ast-global-header-display":"","ast-banner-title-visibility":"","ast-main-header-display":"","ast-hfb-above-header-display":"","ast-hfb-below-header-display":"","ast-hfb-mobile-header-display":"","site-post-title":"","ast-breadcrumbs-content":"","ast-featured-img":"","footer-sml-layout":"","ast-disable-related-posts":"","theme-transparent-header-meta":"","adv-header-id-meta":"","stick-header-meta":"","header-above-stick-meta":"","header-main-stick-meta":"","header-below-stick-meta":"","astra-migrate-meta-layouts":"default","ast-page-background-enabled":"default","ast-page-background-meta":{"desktop":{"background-color":"","background-image":"","background-repeat":"repeat","background-position":"center center","background-size":"auto","background-attachment":"scroll","background-type":"","background-media":"","overlay-type":"","overlay-color":"","overlay-opacity":"","overlay-gradient":""},"tablet":{"background-color":"","background-image":"","background-repeat":"repeat","background-position":"center center","background-size":"auto","background-attachment":"scroll","background-type":"","background-media":"","overlay-type":"","overlay-color":"","overlay-opacity":"","overlay-gradient":""},"mobile":{"background-color":"","background-image":"","background-repeat":"repeat","background-position":"center center","background-size":"auto","background-attachment":"scroll","background-type":"","background-media":"","overlay-type":"","overlay-color":"","overlay-opacity":"","overlay-gradient":""}},"ast-content-background-meta":{"desktop":{"background-color":"var(--ast-global-color-5)","background-image":"","background-repeat":"repeat","background-position":"center center","background-size":"auto","background-attachment":"scroll","background-type":"","background-media":"","overlay-type":"","overlay-color":"","overlay-opacity":"","overlay-gradient":""},"tablet":{"background-color":"var(--ast-global-color-5)","background-image":"","background-repeat":"repeat","background-position":"center center","background-size":"auto","background-attachment":"scroll","background-type":"","background-media":"","overlay-type":"","overlay-color":"","overlay-opacity":"","overlay-gradient":""},"mobile":{"background-color":"var(--ast-global-color-5)","background-image":"","background-repeat":"repeat","background-position":"center center","background-size":"auto","background-attachment":"scroll","background-type":"","background-media":"","overlay-type":"","overlay-color":"","overlay-opacity":"","overlay-gradient":""}},"_joinchat":[],"footnotes":""},"class_list":["post-3355","page","type-page","status-publish","hentry"],"yoast_head":"<!-- This site is optimized with the Yoast SEO plugin v27.5 - https:\/\/yoast.com\/product\/yoast-seo-wordpress\/ -->\n<title>Geschichte und Herkunft von Jmn | Herren Leder Accessoires | Jmn \u00ae<\/title>\n<meta name=\"description\" content=\"Jmn \u00ae wird von der Hand des Lederhandwerkers durch Familie Abstammung geboren. Joan Montoliu. Dort entwirft er seine einzigartigen Kollektionen aus exklusiven Materialien.\" \/>\n<meta name=\"robots\" content=\"index, follow, max-snippet:-1, max-image-preview:large, max-video-preview:-1\" \/>\n<link rel=\"canonical\" href=\"https:\/\/www.fabricacinturones.com\/de\/geschichte-und-ursprung-von-jmn\/\" \/>\n<meta property=\"og:locale\" content=\"de_DE\" \/>\n<meta property=\"og:type\" content=\"article\" \/>\n<meta property=\"og:title\" content=\"Geschichte und Herkunft von Jmn | Herren Leder Accessoires | Jmn \u00ae\" \/>\n<meta property=\"og:description\" content=\"Jmn \u00ae wird von der Hand des Lederhandwerkers durch Familie Abstammung geboren. Joan Montoliu. Dort entwirft er seine einzigartigen Kollektionen aus exklusiven Materialien.\" \/>\n<meta property=\"og:url\" content=\"https:\/\/www.fabricacinturones.com\/de\/geschichte-und-ursprung-von-jmn\/\" \/>\n<meta property=\"og:site_name\" content=\"Fabrica de cinturones\" \/>\n<meta property=\"article:modified_time\" content=\"2023-10-24T16:24:04+00:00\" \/>\n<meta name=\"twitter:card\" content=\"summary_large_image\" \/>\n<meta name=\"twitter:label1\" content=\"Gesch\u00e4tzte Lesezeit\" \/>\n\t<meta name=\"twitter:data1\" content=\"3\u00a0Minuten\" \/>\n<script type=\"application\/ld+json\" class=\"yoast-schema-graph\">{\"@context\":\"https:\\\/\\\/schema.org\",\"@graph\":[{\"@type\":\"WebPage\",\"@id\":\"https:\\\/\\\/www.fabricacinturones.com\\\/de\\\/geschichte-und-ursprung-von-jmn\\\/\",\"url\":\"https:\\\/\\\/www.fabricacinturones.com\\\/de\\\/geschichte-und-ursprung-von-jmn\\\/\",\"name\":\"Geschichte und Herkunft von Jmn | Herren Leder Accessoires | Jmn \u00ae\",\"isPartOf\":{\"@id\":\"https:\\\/\\\/www.fabricacinturones.com\\\/de\\\/#website\"},\"datePublished\":\"2023-10-24T16:24:00+00:00\",\"dateModified\":\"2023-10-24T16:24:04+00:00\",\"description\":\"Jmn \u00ae wird von der Hand des Lederhandwerkers durch Familie Abstammung geboren. Joan Montoliu. Dort entwirft er seine einzigartigen Kollektionen aus exklusiven Materialien.\",\"breadcrumb\":{\"@id\":\"https:\\\/\\\/www.fabricacinturones.com\\\/de\\\/geschichte-und-ursprung-von-jmn\\\/#breadcrumb\"},\"inLanguage\":\"de\",\"potentialAction\":[{\"@type\":\"ReadAction\",\"target\":[\"https:\\\/\\\/www.fabricacinturones.com\\\/de\\\/geschichte-und-ursprung-von-jmn\\\/\"]}]},{\"@type\":\"BreadcrumbList\",\"@id\":\"https:\\\/\\\/www.fabricacinturones.com\\\/de\\\/geschichte-und-ursprung-von-jmn\\\/#breadcrumb\",\"itemListElement\":[{\"@type\":\"ListItem\",\"position\":1,\"name\":\"Portada\",\"item\":\"https:\\\/\\\/www.fabricacinturones.com\\\/de\\\/\"},{\"@type\":\"ListItem\",\"position\":2,\"name\":\"Geschichte und Ursprung von Jmn\"}]},{\"@type\":\"WebSite\",\"@id\":\"https:\\\/\\\/www.fabricacinturones.com\\\/de\\\/#website\",\"url\":\"https:\\\/\\\/www.fabricacinturones.com\\\/de\\\/\",\"name\":\"Fabrica de cinturones\",\"description\":\"\",\"publisher\":{\"@id\":\"https:\\\/\\\/www.fabricacinturones.com\\\/de\\\/#organization\"},\"potentialAction\":[{\"@type\":\"SearchAction\",\"target\":{\"@type\":\"EntryPoint\",\"urlTemplate\":\"https:\\\/\\\/www.fabricacinturones.com\\\/de\\\/?s={search_term_string}\"},\"query-input\":{\"@type\":\"PropertyValueSpecification\",\"valueRequired\":true,\"valueName\":\"search_term_string\"}}],\"inLanguage\":\"de\"},{\"@type\":\"Organization\",\"@id\":\"https:\\\/\\\/www.fabricacinturones.com\\\/de\\\/#organization\",\"name\":\"Jmn 1970brica de cinturones\",\"url\":\"https:\\\/\\\/www.fabricacinturones.com\\\/de\\\/\",\"logo\":{\"@type\":\"ImageObject\",\"inLanguage\":\"de\",\"@id\":\"https:\\\/\\\/www.fabricacinturones.com\\\/de\\\/#\\\/schema\\\/logo\\\/image\\\/\",\"url\":\"https:\\\/\\\/www.fabricacinturones.com\\\/wp-content\\\/uploads\\\/2023\\\/07\\\/cropped-cropped-cropped-Logo-con-tipografia-circular-para-servicios-fotografo-beis-y-negro-1-150x42-1.png\",\"contentUrl\":\"https:\\\/\\\/www.fabricacinturones.com\\\/wp-content\\\/uploads\\\/2023\\\/07\\\/cropped-cropped-cropped-Logo-con-tipografia-circular-para-servicios-fotografo-beis-y-negro-1-150x42-1.png\",\"width\":150,\"height\":42,\"caption\":\"Jmn 1970brica de cinturones\"},\"image\":{\"@id\":\"https:\\\/\\\/www.fabricacinturones.com\\\/de\\\/#\\\/schema\\\/logo\\\/image\\\/\"},\"sameAs\":[\"https:\\\/\\\/www.instagram.com\\\/jmn1970co\\\/\"]}]}<\/script>\n<!-- \/ Yoast SEO plugin. -->","yoast_head_json":{"title":"Geschichte und Herkunft von Jmn | Herren Leder Accessoires | Jmn \u00ae","description":"Jmn \u00ae wird von der Hand des Lederhandwerkers durch Familie Abstammung geboren. Joan Montoliu. Dort entwirft er seine einzigartigen Kollektionen aus exklusiven Materialien.","robots":{"index":"index","follow":"follow","max-snippet":"max-snippet:-1","max-image-preview":"max-image-preview:large","max-video-preview":"max-video-preview:-1"},"canonical":"https:\/\/www.fabricacinturones.com\/de\/geschichte-und-ursprung-von-jmn\/","og_locale":"de_DE","og_type":"article","og_title":"Geschichte und Herkunft von Jmn | Herren Leder Accessoires | Jmn \u00ae","og_description":"Jmn \u00ae wird von der Hand des Lederhandwerkers durch Familie Abstammung geboren. Joan Montoliu. Dort entwirft er seine einzigartigen Kollektionen aus exklusiven Materialien.","og_url":"https:\/\/www.fabricacinturones.com\/de\/geschichte-und-ursprung-von-jmn\/","og_site_name":"Fabrica de cinturones","article_modified_time":"2023-10-24T16:24:04+00:00","twitter_card":"summary_large_image","twitter_misc":{"Gesch\u00e4tzte Lesezeit":"3\u00a0Minuten"},"schema":{"@context":"https:\/\/schema.org","@graph":[{"@type":"WebPage","@id":"https:\/\/www.fabricacinturones.com\/de\/geschichte-und-ursprung-von-jmn\/","url":"https:\/\/www.fabricacinturones.com\/de\/geschichte-und-ursprung-von-jmn\/","name":"Geschichte und Herkunft von Jmn | Herren Leder Accessoires | Jmn \u00ae","isPartOf":{"@id":"https:\/\/www.fabricacinturones.com\/de\/#website"},"datePublished":"2023-10-24T16:24:00+00:00","dateModified":"2023-10-24T16:24:04+00:00","description":"Jmn \u00ae wird von der Hand des Lederhandwerkers durch Familie Abstammung geboren. Joan Montoliu. Dort entwirft er seine einzigartigen Kollektionen aus exklusiven Materialien.","breadcrumb":{"@id":"https:\/\/www.fabricacinturones.com\/de\/geschichte-und-ursprung-von-jmn\/#breadcrumb"},"inLanguage":"de","potentialAction":[{"@type":"ReadAction","target":["https:\/\/www.fabricacinturones.com\/de\/geschichte-und-ursprung-von-jmn\/"]}]},{"@type":"BreadcrumbList","@id":"https:\/\/www.fabricacinturones.com\/de\/geschichte-und-ursprung-von-jmn\/#breadcrumb","itemListElement":[{"@type":"ListItem","position":1,"name":"Portada","item":"https:\/\/www.fabricacinturones.com\/de\/"},{"@type":"ListItem","position":2,"name":"Geschichte und Ursprung von Jmn"}]},{"@type":"WebSite","@id":"https:\/\/www.fabricacinturones.com\/de\/#website","url":"https:\/\/www.fabricacinturones.com\/de\/","name":"Fabrica de cinturones","description":"","publisher":{"@id":"https:\/\/www.fabricacinturones.com\/de\/#organization"},"potentialAction":[{"@type":"SearchAction","target":{"@type":"EntryPoint","urlTemplate":"https:\/\/www.fabricacinturones.com\/de\/?s={search_term_string}"},"query-input":{"@type":"PropertyValueSpecification","valueRequired":true,"valueName":"search_term_string"}}],"inLanguage":"de"},{"@type":"Organization","@id":"https:\/\/www.fabricacinturones.com\/de\/#organization","name":"Jmn 1970brica de cinturones","url":"https:\/\/www.fabricacinturones.com\/de\/","logo":{"@type":"ImageObject","inLanguage":"de","@id":"https:\/\/www.fabricacinturones.com\/de\/#\/schema\/logo\/image\/","url":"https:\/\/www.fabricacinturones.com\/wp-content\/uploads\/2023\/07\/cropped-cropped-cropped-Logo-con-tipografia-circular-para-servicios-fotografo-beis-y-negro-1-150x42-1.png","contentUrl":"https:\/\/www.fabricacinturones.com\/wp-content\/uploads\/2023\/07\/cropped-cropped-cropped-Logo-con-tipografia-circular-para-servicios-fotografo-beis-y-negro-1-150x42-1.png","width":150,"height":42,"caption":"Jmn 1970brica de cinturones"},"image":{"@id":"https:\/\/www.fabricacinturones.com\/de\/#\/schema\/logo\/image\/"},"sameAs":["https:\/\/www.instagram.com\/jmn1970co\/"]}]}},"_links":{"self":[{"href":"https:\/\/www.fabricacinturones.com\/de\/wp-json\/wp\/v2\/pages\/3355","targetHints":{"allow":["GET"]}}],"collection":[{"href":"https:\/\/www.fabricacinturones.com\/de\/wp-json\/wp\/v2\/pages"}],"about":[{"href":"https:\/\/www.fabricacinturones.com\/de\/wp-json\/wp\/v2\/types\/page"}],"author":[{"embeddable":true,"href":"https:\/\/www.fabricacinturones.com\/de\/wp-json\/wp\/v2\/users\/1"}],"replies":[{"embeddable":true,"href":"https:\/\/www.fabricacinturones.com\/de\/wp-json\/wp\/v2\/comments?post=3355"}],"version-history":[{"count":1,"href":"https:\/\/www.fabricacinturones.com\/de\/wp-json\/wp\/v2\/pages\/3355\/revisions"}],"predecessor-version":[{"id":3389,"href":"https:\/\/www.fabricacinturones.com\/de\/wp-json\/wp\/v2\/pages\/3355\/revisions\/3389"}],"wp:attachment":[{"href":"https:\/\/www.fabricacinturones.com\/de\/wp-json\/wp\/v2\/media?parent=3355"}],"curies":[{"name":"wp","href":"https:\/\/api.w.org\/{rel}","templated":true}]}}