{"id":3490,"date":"2023-10-24T16:24:04","date_gmt":"2023-10-24T16:24:04","guid":{"rendered":"https:\/\/www.fabricacinturones.com\/modische-accessoires-kaufen\/"},"modified":"2023-10-24T16:24:05","modified_gmt":"2023-10-24T16:24:05","slug":"modische-accessoires-kaufen","status":"publish","type":"page","link":"https:\/\/www.fabricacinturones.com\/de\/modische-accessoires-kaufen\/","title":{"rendered":"Modische Accessoires kaufen"},"content":{"rendered":"\n<p>Modeaccessoires und Accessoires f\u00fcr den Alltag  <\/p>\n\n<h2 class=\"wp-block-heading\">Modeaccessoires online kaufen<\/h2>\n\n<p>Kaufen Sie <strong>Modeaccessoires online<\/strong> bei Jmn 1970, einer historischen Marke, die von Lederhandwerkern in Spanien gegr\u00fcndet wurde.<\/p>\n\n<p>Modeaccessoires f\u00fcr Sie, Entdecken Sie unsere eleganten Kollektionen, die von unseren Handwerkern nach Ihrem Kleidungsstil f\u00fcr jede Gelegenheit Ihres Lebens entworfen und hergestellt werden, nach unserem Motto: <em>die Details machen den Unterschied<\/em>.<\/p>\n\n<h3 class=\"wp-block-heading\">Spezielle G\u00fcrtelkollektionen<\/h3>\n\n<p><a href=\"https:\/\/www.fabricacinturones.com\/comprar-complementos-moda\/cinturones-de-animales\/\">Tierg\u00fcrtel<\/a> <\/p>\n\n<p><a href=\"https:\/\/www.fabricacinturones.com\/cinturones-tallas-grandes-hombre\/\">Gro\u00dfformatige G\u00fcrtel<\/a><\/p>\n","protected":false},"excerpt":{"rendered":"<p>Modeaccessoires und Accessoires f\u00fcr den Alltag Modeaccessoires online kaufen Kaufen Sie Modeaccessoires online bei Jmn 1970, einer historischen Marke, die von Lederhandwerkern in Spanien gegr\u00fcndet wurde. Modeaccessoires f\u00fcr Sie, Entdecken Sie unsere eleganten Kollektionen, die von unseren Handwerkern nach Ihrem Kleidungsstil f\u00fcr jede Gelegenheit Ihres Lebens entworfen und hergestellt werden, nach unserem Motto: die Details [&hellip;]<\/p>\n","protected":false},"author":1,"featured_media":0,"parent":0,"menu_order":0,"comment_status":"closed","ping_status":"closed","template":"","meta":{"site-sidebar-layout":"default","site-content-layout":"","ast-site-content-layout":"default","site-content-style":"default","site-sidebar-style":"default","ast-global-header-display":"","ast-banner-title-visibility":"","ast-main-header-display":"","ast-hfb-above-header-display":"","ast-hfb-below-header-display":"","ast-hfb-mobile-header-display":"","site-post-title":"","ast-breadcrumbs-content":"","ast-featured-img":"","footer-sml-layout":"","ast-disable-related-posts":"","theme-transparent-header-meta":"","adv-header-id-meta":"","stick-header-meta":"","header-above-stick-meta":"","header-main-stick-meta":"","header-below-stick-meta":"","astra-migrate-meta-layouts":"default","ast-page-background-enabled":"default","ast-page-background-meta":{"desktop":{"background-color":"","background-image":"","background-repeat":"repeat","background-position":"center center","background-size":"auto","background-attachment":"scroll","background-type":"","background-media":"","overlay-type":"","overlay-color":"","overlay-opacity":"","overlay-gradient":""},"tablet":{"background-color":"","background-image":"","background-repeat":"repeat","background-position":"center center","background-size":"auto","background-attachment":"scroll","background-type":"","background-media":"","overlay-type":"","overlay-color":"","overlay-opacity":"","overlay-gradient":""},"mobile":{"background-color":"","background-image":"","background-repeat":"repeat","background-position":"center center","background-size":"auto","background-attachment":"scroll","background-type":"","background-media":"","overlay-type":"","overlay-color":"","overlay-opacity":"","overlay-gradient":""}},"ast-content-background-meta":{"desktop":{"background-color":"var(--ast-global-color-5)","background-image":"","background-repeat":"repeat","background-position":"center center","background-size":"auto","background-attachment":"scroll","background-type":"","background-media":"","overlay-type":"","overlay-color":"","overlay-opacity":"","overlay-gradient":""},"tablet":{"background-color":"var(--ast-global-color-5)","background-image":"","background-repeat":"repeat","background-position":"center center","background-size":"auto","background-attachment":"scroll","background-type":"","background-media":"","overlay-type":"","overlay-color":"","overlay-opacity":"","overlay-gradient":""},"mobile":{"background-color":"var(--ast-global-color-5)","background-image":"","background-repeat":"repeat","background-position":"center center","background-size":"auto","background-attachment":"scroll","background-type":"","background-media":"","overlay-type":"","overlay-color":"","overlay-opacity":"","overlay-gradient":""}},"_joinchat":[],"footnotes":""},"class_list":["post-3490","page","type-page","status-publish","hentry"],"yoast_head":"<!-- This site is optimized with the Yoast SEO plugin v27.5 - https:\/\/yoast.com\/product\/yoast-seo-wordpress\/ -->\n<title>Mode-Accessoires | Jmn1970 | Details machen den Unterschied<\/title>\n<meta name=\"description\" content=\"Bei Jmn1970 finden Sie modische Accessoires f\u00fcr Damen und Herren mit einzigartiger Verarbeitung, die in unserer eigenen Fabrik in Spanien hergestellt werden.\" \/>\n<meta name=\"robots\" content=\"index, follow, max-snippet:-1, max-image-preview:large, max-video-preview:-1\" \/>\n<link rel=\"canonical\" href=\"https:\/\/www.fabricacinturones.com\/de\/modische-accessoires-kaufen\/\" \/>\n<meta property=\"og:locale\" content=\"de_DE\" \/>\n<meta property=\"og:type\" content=\"article\" \/>\n<meta property=\"og:title\" content=\"Mode-Accessoires | Jmn1970 | Details machen den Unterschied\" \/>\n<meta property=\"og:description\" content=\"Bei Jmn1970 finden Sie modische Accessoires f\u00fcr Damen und Herren mit einzigartiger Verarbeitung, die in unserer eigenen Fabrik in Spanien hergestellt werden.\" \/>\n<meta property=\"og:url\" content=\"https:\/\/www.fabricacinturones.com\/de\/modische-accessoires-kaufen\/\" \/>\n<meta property=\"og:site_name\" content=\"Fabrica de cinturones\" \/>\n<meta property=\"article:modified_time\" content=\"2023-10-24T16:24:05+00:00\" \/>\n<meta name=\"twitter:card\" content=\"summary_large_image\" \/>\n<script type=\"application\/ld+json\" class=\"yoast-schema-graph\">{\"@context\":\"https:\\\/\\\/schema.org\",\"@graph\":[{\"@type\":\"WebPage\",\"@id\":\"https:\\\/\\\/www.fabricacinturones.com\\\/de\\\/modische-accessoires-kaufen\\\/\",\"url\":\"https:\\\/\\\/www.fabricacinturones.com\\\/de\\\/modische-accessoires-kaufen\\\/\",\"name\":\"Mode-Accessoires | Jmn1970 | Details machen den Unterschied\",\"isPartOf\":{\"@id\":\"https:\\\/\\\/www.fabricacinturones.com\\\/de\\\/#website\"},\"datePublished\":\"2023-10-24T16:24:04+00:00\",\"dateModified\":\"2023-10-24T16:24:05+00:00\",\"description\":\"Bei Jmn1970 finden Sie modische Accessoires f\u00fcr Damen und Herren mit einzigartiger Verarbeitung, die in unserer eigenen Fabrik in Spanien hergestellt werden.\",\"breadcrumb\":{\"@id\":\"https:\\\/\\\/www.fabricacinturones.com\\\/de\\\/modische-accessoires-kaufen\\\/#breadcrumb\"},\"inLanguage\":\"de\",\"potentialAction\":[{\"@type\":\"ReadAction\",\"target\":[\"https:\\\/\\\/www.fabricacinturones.com\\\/de\\\/modische-accessoires-kaufen\\\/\"]}]},{\"@type\":\"BreadcrumbList\",\"@id\":\"https:\\\/\\\/www.fabricacinturones.com\\\/de\\\/modische-accessoires-kaufen\\\/#breadcrumb\",\"itemListElement\":[{\"@type\":\"ListItem\",\"position\":1,\"name\":\"Portada\",\"item\":\"https:\\\/\\\/www.fabricacinturones.com\\\/de\\\/\"},{\"@type\":\"ListItem\",\"position\":2,\"name\":\"Modische Accessoires kaufen\"}]},{\"@type\":\"WebSite\",\"@id\":\"https:\\\/\\\/www.fabricacinturones.com\\\/de\\\/#website\",\"url\":\"https:\\\/\\\/www.fabricacinturones.com\\\/de\\\/\",\"name\":\"Fabrica de cinturones\",\"description\":\"\",\"publisher\":{\"@id\":\"https:\\\/\\\/www.fabricacinturones.com\\\/de\\\/#organization\"},\"potentialAction\":[{\"@type\":\"SearchAction\",\"target\":{\"@type\":\"EntryPoint\",\"urlTemplate\":\"https:\\\/\\\/www.fabricacinturones.com\\\/de\\\/?s={search_term_string}\"},\"query-input\":{\"@type\":\"PropertyValueSpecification\",\"valueRequired\":true,\"valueName\":\"search_term_string\"}}],\"inLanguage\":\"de\"},{\"@type\":\"Organization\",\"@id\":\"https:\\\/\\\/www.fabricacinturones.com\\\/de\\\/#organization\",\"name\":\"Jmn 1970brica de cinturones\",\"url\":\"https:\\\/\\\/www.fabricacinturones.com\\\/de\\\/\",\"logo\":{\"@type\":\"ImageObject\",\"inLanguage\":\"de\",\"@id\":\"https:\\\/\\\/www.fabricacinturones.com\\\/de\\\/#\\\/schema\\\/logo\\\/image\\\/\",\"url\":\"https:\\\/\\\/www.fabricacinturones.com\\\/wp-content\\\/uploads\\\/2023\\\/07\\\/cropped-cropped-cropped-Logo-con-tipografia-circular-para-servicios-fotografo-beis-y-negro-1-150x42-1.png\",\"contentUrl\":\"https:\\\/\\\/www.fabricacinturones.com\\\/wp-content\\\/uploads\\\/2023\\\/07\\\/cropped-cropped-cropped-Logo-con-tipografia-circular-para-servicios-fotografo-beis-y-negro-1-150x42-1.png\",\"width\":150,\"height\":42,\"caption\":\"Jmn 1970brica de cinturones\"},\"image\":{\"@id\":\"https:\\\/\\\/www.fabricacinturones.com\\\/de\\\/#\\\/schema\\\/logo\\\/image\\\/\"},\"sameAs\":[\"https:\\\/\\\/www.instagram.com\\\/jmn1970co\\\/\"]}]}<\/script>\n<!-- \/ Yoast SEO plugin. -->","yoast_head_json":{"title":"Mode-Accessoires | Jmn1970 | Details machen den Unterschied","description":"Bei Jmn1970 finden Sie modische Accessoires f\u00fcr Damen und Herren mit einzigartiger Verarbeitung, die in unserer eigenen Fabrik in Spanien hergestellt werden.","robots":{"index":"index","follow":"follow","max-snippet":"max-snippet:-1","max-image-preview":"max-image-preview:large","max-video-preview":"max-video-preview:-1"},"canonical":"https:\/\/www.fabricacinturones.com\/de\/modische-accessoires-kaufen\/","og_locale":"de_DE","og_type":"article","og_title":"Mode-Accessoires | Jmn1970 | Details machen den Unterschied","og_description":"Bei Jmn1970 finden Sie modische Accessoires f\u00fcr Damen und Herren mit einzigartiger Verarbeitung, die in unserer eigenen Fabrik in Spanien hergestellt werden.","og_url":"https:\/\/www.fabricacinturones.com\/de\/modische-accessoires-kaufen\/","og_site_name":"Fabrica de cinturones","article_modified_time":"2023-10-24T16:24:05+00:00","twitter_card":"summary_large_image","schema":{"@context":"https:\/\/schema.org","@graph":[{"@type":"WebPage","@id":"https:\/\/www.fabricacinturones.com\/de\/modische-accessoires-kaufen\/","url":"https:\/\/www.fabricacinturones.com\/de\/modische-accessoires-kaufen\/","name":"Mode-Accessoires | Jmn1970 | Details machen den Unterschied","isPartOf":{"@id":"https:\/\/www.fabricacinturones.com\/de\/#website"},"datePublished":"2023-10-24T16:24:04+00:00","dateModified":"2023-10-24T16:24:05+00:00","description":"Bei Jmn1970 finden Sie modische Accessoires f\u00fcr Damen und Herren mit einzigartiger Verarbeitung, die in unserer eigenen Fabrik in Spanien hergestellt werden.","breadcrumb":{"@id":"https:\/\/www.fabricacinturones.com\/de\/modische-accessoires-kaufen\/#breadcrumb"},"inLanguage":"de","potentialAction":[{"@type":"ReadAction","target":["https:\/\/www.fabricacinturones.com\/de\/modische-accessoires-kaufen\/"]}]},{"@type":"BreadcrumbList","@id":"https:\/\/www.fabricacinturones.com\/de\/modische-accessoires-kaufen\/#breadcrumb","itemListElement":[{"@type":"ListItem","position":1,"name":"Portada","item":"https:\/\/www.fabricacinturones.com\/de\/"},{"@type":"ListItem","position":2,"name":"Modische Accessoires kaufen"}]},{"@type":"WebSite","@id":"https:\/\/www.fabricacinturones.com\/de\/#website","url":"https:\/\/www.fabricacinturones.com\/de\/","name":"Fabrica de cinturones","description":"","publisher":{"@id":"https:\/\/www.fabricacinturones.com\/de\/#organization"},"potentialAction":[{"@type":"SearchAction","target":{"@type":"EntryPoint","urlTemplate":"https:\/\/www.fabricacinturones.com\/de\/?s={search_term_string}"},"query-input":{"@type":"PropertyValueSpecification","valueRequired":true,"valueName":"search_term_string"}}],"inLanguage":"de"},{"@type":"Organization","@id":"https:\/\/www.fabricacinturones.com\/de\/#organization","name":"Jmn 1970brica de cinturones","url":"https:\/\/www.fabricacinturones.com\/de\/","logo":{"@type":"ImageObject","inLanguage":"de","@id":"https:\/\/www.fabricacinturones.com\/de\/#\/schema\/logo\/image\/","url":"https:\/\/www.fabricacinturones.com\/wp-content\/uploads\/2023\/07\/cropped-cropped-cropped-Logo-con-tipografia-circular-para-servicios-fotografo-beis-y-negro-1-150x42-1.png","contentUrl":"https:\/\/www.fabricacinturones.com\/wp-content\/uploads\/2023\/07\/cropped-cropped-cropped-Logo-con-tipografia-circular-para-servicios-fotografo-beis-y-negro-1-150x42-1.png","width":150,"height":42,"caption":"Jmn 1970brica de cinturones"},"image":{"@id":"https:\/\/www.fabricacinturones.com\/de\/#\/schema\/logo\/image\/"},"sameAs":["https:\/\/www.instagram.com\/jmn1970co\/"]}]}},"_links":{"self":[{"href":"https:\/\/www.fabricacinturones.com\/de\/wp-json\/wp\/v2\/pages\/3490","targetHints":{"allow":["GET"]}}],"collection":[{"href":"https:\/\/www.fabricacinturones.com\/de\/wp-json\/wp\/v2\/pages"}],"about":[{"href":"https:\/\/www.fabricacinturones.com\/de\/wp-json\/wp\/v2\/types\/page"}],"author":[{"embeddable":true,"href":"https:\/\/www.fabricacinturones.com\/de\/wp-json\/wp\/v2\/users\/1"}],"replies":[{"embeddable":true,"href":"https:\/\/www.fabricacinturones.com\/de\/wp-json\/wp\/v2\/comments?post=3490"}],"version-history":[{"count":1,"href":"https:\/\/www.fabricacinturones.com\/de\/wp-json\/wp\/v2\/pages\/3490\/revisions"}],"predecessor-version":[{"id":3515,"href":"https:\/\/www.fabricacinturones.com\/de\/wp-json\/wp\/v2\/pages\/3490\/revisions\/3515"}],"wp:attachment":[{"href":"https:\/\/www.fabricacinturones.com\/de\/wp-json\/wp\/v2\/media?parent=3490"}],"curies":[{"name":"wp","href":"https:\/\/api.w.org\/{rel}","templated":true}]}}