{"id":3662,"date":"2023-10-24T16:24:23","date_gmt":"2023-10-24T16:24:23","guid":{"rendered":"https:\/\/www.fabricacinturones.com\/sei-die-beste-version\/"},"modified":"2023-10-24T16:24:25","modified_gmt":"2023-10-24T16:24:25","slug":"sei-die-beste-version","status":"publish","type":"page","link":"https:\/\/www.fabricacinturones.com\/de\/sei-die-beste-version\/","title":{"rendered":"Sei die beste Version"},"content":{"rendered":"\n[ux_banner height=&#8220;604px&#8220; height__sm=&#8220;470px&#8220; bg=&#8220;234&#8243; bg_overlay=&#8220;rgba(0,0,0,.5)&#8220; bg_pos=&#8220;64% 22%&#8220;]\n\n[text_box position_x=&#8220;50&#8243; position_y=&#8220;50&#8243;]\n\n<h1><strong>Sei die beste Version von dir<\/strong><\/h1>\n<p>Wir wollen Ihre Qualit\u00e4ten und Ihre Pr\u00e4senz in entscheidenden Momenten verst\u00e4rken, und wir wollen auch dazu beitragen, <strong>innovative Projekte mit sozialem Nutzen<\/strong> bekannt zu machen.<\/p>\n<p>Mach mit bei der Ver\u00e4nderung, finde deine beste Version<\/p>\n[button text=&#8220;Herren-Accessoires&#8220; color=&#8220;white&#8220; radius=&#8220;57&#8243; link=&#8220;https:\/\/jmn1970.com&#8220;]\n\n[button text=&#8220;Accessoires f\u00fcr Frauen&#8220; color=&#8220;white&#8220; radius=&#8220;57&#8243; link=&#8220;https:\/\/jmn1970.com&#8220;]\n\n\n[\/text_box]\n\n[\/ux_banner]\n[gap]\n\n[title text=&#8220;NEUESTE ARTIKEL&#8220;]\n\n[blog_posts style=&#8220;normal&#8220; columns=&#8220;3&#8243; columns__md=&#8220;1&#8243; depth=&#8220;3&#8243; image_height=&#8220;56.25%&#8220;]\n\n[title text=&#8220;UNSER WESEN&#8220;]\n\n[ux_instagram_feed username=&#8220;mensfashionpost&#8220; width=&#8220;full-width&#8220; col_spacing=&#8220;small&#8220;]\n\n[share style=&#8220;outline&#8220; align=&#8220;center&#8220;]\n\n[title text=&#8220;F\u00dcR EINE WELT DER SAUBEREN ENERGIE&#8220;]\n\n[ux_portfolio]\n\n[title text=&#8220;VERANSTALTUNGEN&#8220;]\n\n<p>N\u00fctzliche Inhalte, um im Alltag mit der eigenen Einstellung und der Charakteristik der eigenen Pers\u00f6nlichkeit, die einen einzigartig macht, voranzukommen.<br\/><em>&#8222;Details machen den Unterschied&#8220;.<\/em><\/p>\n<p>Wir von Jmn \u00ae glauben und wollen Ihnen helfen, das Beste aus sich herauszuholen. Nutzen Sie alle Ihre Qualit\u00e4ten, Sie wissen, dass die Menschen uns beurteilen und dass unsere Meinung \u00fcber eine Person durch nonverbale Kommunikation und Pr\u00e4senz vermittelt wird, dabei werden wir Ihnen helfen, damit die Vorurteile der anderen zu 100% die Art von Person widerspiegeln, die Sie sind und die Sie werden wollen.<\/p>\n<p>Was Sie finden k\u00f6nnen<\/p>\n<p>Hier k\u00f6nnen Sie Tricks entdecken und lernen, wie Sie Ihre Kommunikation und Ihr Auftreten im gesch\u00e4ftlichen und beruflichen Umfeld verbessern k\u00f6nnen. Wir glauben auch an Gesch\u00e4ftsmodelle mit sozialer Transzendenz und mit einem Kontext, der \u00fcber den wirtschaftlichen Gewinn hinausgeht.<\/p>\n<p>Aus diesem Grund wird unsere Marke Gesch\u00e4ftsmodelle unterst\u00fctzen, die auf eine nachhaltige Wirtschaft und innovative Projekte abzielen, indem sie neue Unternehmer und Unternehmertum f\u00f6rdert.<\/p>\n\n","protected":false},"excerpt":{"rendered":"<p>[ux_banner height=&#8220;604px&#8220; height__sm=&#8220;470px&#8220; bg=&#8220;234&#8243; bg_overlay=&#8220;rgba(0,0,0,.5)&#8220; bg_pos=&#8220;64% 22%&#8220;] [text_box position_x=&#8220;50&#8243; position_y=&#8220;50&#8243;] Sei die beste Version von dir Wir wollen Ihre Qualit\u00e4ten und Ihre Pr\u00e4senz in entscheidenden Momenten verst\u00e4rken, und wir wollen auch dazu beitragen, innovative Projekte mit sozialem Nutzen bekannt zu machen. Mach mit bei der Ver\u00e4nderung, finde deine beste Version [button text=&#8220;Herren-Accessoires&#8220; color=&#8220;white&#8220; radius=&#8220;57&#8243; link=&#8220;https:\/\/jmn1970.com&#8220;] [&hellip;]<\/p>\n","protected":false},"author":1,"featured_media":0,"parent":0,"menu_order":0,"comment_status":"closed","ping_status":"closed","template":"","meta":{"site-sidebar-layout":"default","site-content-layout":"","ast-site-content-layout":"default","site-content-style":"default","site-sidebar-style":"default","ast-global-header-display":"","ast-banner-title-visibility":"","ast-main-header-display":"","ast-hfb-above-header-display":"","ast-hfb-below-header-display":"","ast-hfb-mobile-header-display":"","site-post-title":"","ast-breadcrumbs-content":"","ast-featured-img":"","footer-sml-layout":"","ast-disable-related-posts":"","theme-transparent-header-meta":"","adv-header-id-meta":"","stick-header-meta":"","header-above-stick-meta":"","header-main-stick-meta":"","header-below-stick-meta":"","astra-migrate-meta-layouts":"default","ast-page-background-enabled":"default","ast-page-background-meta":{"desktop":{"background-color":"","background-image":"","background-repeat":"repeat","background-position":"center center","background-size":"auto","background-attachment":"scroll","background-type":"","background-media":"","overlay-type":"","overlay-color":"","overlay-opacity":"","overlay-gradient":""},"tablet":{"background-color":"","background-image":"","background-repeat":"repeat","background-position":"center center","background-size":"auto","background-attachment":"scroll","background-type":"","background-media":"","overlay-type":"","overlay-color":"","overlay-opacity":"","overlay-gradient":""},"mobile":{"background-color":"","background-image":"","background-repeat":"repeat","background-position":"center center","background-size":"auto","background-attachment":"scroll","background-type":"","background-media":"","overlay-type":"","overlay-color":"","overlay-opacity":"","overlay-gradient":""}},"ast-content-background-meta":{"desktop":{"background-color":"var(--ast-global-color-5)","background-image":"","background-repeat":"repeat","background-position":"center center","background-size":"auto","background-attachment":"scroll","background-type":"","background-media":"","overlay-type":"","overlay-color":"","overlay-opacity":"","overlay-gradient":""},"tablet":{"background-color":"var(--ast-global-color-5)","background-image":"","background-repeat":"repeat","background-position":"center center","background-size":"auto","background-attachment":"scroll","background-type":"","background-media":"","overlay-type":"","overlay-color":"","overlay-opacity":"","overlay-gradient":""},"mobile":{"background-color":"var(--ast-global-color-5)","background-image":"","background-repeat":"repeat","background-position":"center center","background-size":"auto","background-attachment":"scroll","background-type":"","background-media":"","overlay-type":"","overlay-color":"","overlay-opacity":"","overlay-gradient":""}},"_joinchat":[],"footnotes":""},"class_list":["post-3662","page","type-page","status-publish","hentry"],"yoast_head":"<!-- This site is optimized with the Yoast SEO plugin v27.5 - https:\/\/yoast.com\/product\/yoast-seo-wordpress\/ -->\n<title>Sei die beste Version | Jmn1970 | Details Make the Difference<\/title>\n<meta name=\"robots\" content=\"index, follow, max-snippet:-1, max-image-preview:large, max-video-preview:-1\" \/>\n<link rel=\"canonical\" href=\"https:\/\/www.fabricacinturones.com\/de\/sei-die-beste-version\/\" \/>\n<meta property=\"og:locale\" content=\"de_DE\" \/>\n<meta property=\"og:type\" content=\"article\" \/>\n<meta property=\"og:title\" content=\"Sei die beste Version | Jmn1970 | Details Make the Difference\" \/>\n<meta property=\"og:description\" content=\"[ux_banner height=&#8220;604px&#8220; height__sm=&#8220;470px&#8220; bg=&#8220;234&#8243; bg_overlay=&#8220;rgba(0,0,0,.5)&#8220; bg_pos=&#8220;64% 22%&#8220;] [text_box position_x=&#8220;50&#8243; position_y=&#8220;50&#8243;] Sei die beste Version von dir Wir wollen Ihre Qualit\u00e4ten und Ihre Pr\u00e4senz in entscheidenden Momenten verst\u00e4rken, und wir wollen auch dazu beitragen, innovative Projekte mit sozialem Nutzen bekannt zu machen. Mach mit bei der Ver\u00e4nderung, finde deine beste Version [button text=&#8220;Herren-Accessoires&#8220; color=&#8220;white&#8220; radius=&#8220;57&#8243; link=&#8220;https:\/\/jmn1970.com&#8220;] [&hellip;]\" \/>\n<meta property=\"og:url\" content=\"https:\/\/www.fabricacinturones.com\/de\/sei-die-beste-version\/\" \/>\n<meta property=\"og:site_name\" content=\"Fabrica de cinturones\" \/>\n<meta property=\"article:modified_time\" content=\"2023-10-24T16:24:25+00:00\" \/>\n<meta name=\"twitter:card\" content=\"summary_large_image\" \/>\n<meta name=\"twitter:label1\" content=\"Gesch\u00e4tzte Lesezeit\" \/>\n\t<meta name=\"twitter:data1\" content=\"2\u00a0Minuten\" \/>\n<script type=\"application\/ld+json\" class=\"yoast-schema-graph\">{\"@context\":\"https:\\\/\\\/schema.org\",\"@graph\":[{\"@type\":\"WebPage\",\"@id\":\"https:\\\/\\\/www.fabricacinturones.com\\\/de\\\/sei-die-beste-version\\\/\",\"url\":\"https:\\\/\\\/www.fabricacinturones.com\\\/de\\\/sei-die-beste-version\\\/\",\"name\":\"Sei die beste Version | Jmn1970 | Details Make the Difference\",\"isPartOf\":{\"@id\":\"https:\\\/\\\/www.fabricacinturones.com\\\/de\\\/#website\"},\"datePublished\":\"2023-10-24T16:24:23+00:00\",\"dateModified\":\"2023-10-24T16:24:25+00:00\",\"breadcrumb\":{\"@id\":\"https:\\\/\\\/www.fabricacinturones.com\\\/de\\\/sei-die-beste-version\\\/#breadcrumb\"},\"inLanguage\":\"de\",\"potentialAction\":[{\"@type\":\"ReadAction\",\"target\":[\"https:\\\/\\\/www.fabricacinturones.com\\\/de\\\/sei-die-beste-version\\\/\"]}]},{\"@type\":\"BreadcrumbList\",\"@id\":\"https:\\\/\\\/www.fabricacinturones.com\\\/de\\\/sei-die-beste-version\\\/#breadcrumb\",\"itemListElement\":[{\"@type\":\"ListItem\",\"position\":1,\"name\":\"Portada\",\"item\":\"https:\\\/\\\/www.fabricacinturones.com\\\/de\\\/\"},{\"@type\":\"ListItem\",\"position\":2,\"name\":\"Sei die beste Version\"}]},{\"@type\":\"WebSite\",\"@id\":\"https:\\\/\\\/www.fabricacinturones.com\\\/de\\\/#website\",\"url\":\"https:\\\/\\\/www.fabricacinturones.com\\\/de\\\/\",\"name\":\"Fabrica de cinturones\",\"description\":\"\",\"publisher\":{\"@id\":\"https:\\\/\\\/www.fabricacinturones.com\\\/de\\\/#organization\"},\"potentialAction\":[{\"@type\":\"SearchAction\",\"target\":{\"@type\":\"EntryPoint\",\"urlTemplate\":\"https:\\\/\\\/www.fabricacinturones.com\\\/de\\\/?s={search_term_string}\"},\"query-input\":{\"@type\":\"PropertyValueSpecification\",\"valueRequired\":true,\"valueName\":\"search_term_string\"}}],\"inLanguage\":\"de\"},{\"@type\":\"Organization\",\"@id\":\"https:\\\/\\\/www.fabricacinturones.com\\\/de\\\/#organization\",\"name\":\"Jmn 1970brica de cinturones\",\"url\":\"https:\\\/\\\/www.fabricacinturones.com\\\/de\\\/\",\"logo\":{\"@type\":\"ImageObject\",\"inLanguage\":\"de\",\"@id\":\"https:\\\/\\\/www.fabricacinturones.com\\\/de\\\/#\\\/schema\\\/logo\\\/image\\\/\",\"url\":\"https:\\\/\\\/www.fabricacinturones.com\\\/wp-content\\\/uploads\\\/2023\\\/07\\\/cropped-cropped-cropped-Logo-con-tipografia-circular-para-servicios-fotografo-beis-y-negro-1-150x42-1.png\",\"contentUrl\":\"https:\\\/\\\/www.fabricacinturones.com\\\/wp-content\\\/uploads\\\/2023\\\/07\\\/cropped-cropped-cropped-Logo-con-tipografia-circular-para-servicios-fotografo-beis-y-negro-1-150x42-1.png\",\"width\":150,\"height\":42,\"caption\":\"Jmn 1970brica de cinturones\"},\"image\":{\"@id\":\"https:\\\/\\\/www.fabricacinturones.com\\\/de\\\/#\\\/schema\\\/logo\\\/image\\\/\"},\"sameAs\":[\"https:\\\/\\\/www.instagram.com\\\/jmn1970co\\\/\"]}]}<\/script>\n<!-- \/ Yoast SEO plugin. -->","yoast_head_json":{"title":"Sei die beste Version | Jmn1970 | Details Make the Difference","robots":{"index":"index","follow":"follow","max-snippet":"max-snippet:-1","max-image-preview":"max-image-preview:large","max-video-preview":"max-video-preview:-1"},"canonical":"https:\/\/www.fabricacinturones.com\/de\/sei-die-beste-version\/","og_locale":"de_DE","og_type":"article","og_title":"Sei die beste Version | Jmn1970 | Details Make the Difference","og_description":"[ux_banner height=&#8220;604px&#8220; height__sm=&#8220;470px&#8220; bg=&#8220;234&#8243; bg_overlay=&#8220;rgba(0,0,0,.5)&#8220; bg_pos=&#8220;64% 22%&#8220;] [text_box position_x=&#8220;50&#8243; position_y=&#8220;50&#8243;] Sei die beste Version von dir Wir wollen Ihre Qualit\u00e4ten und Ihre Pr\u00e4senz in entscheidenden Momenten verst\u00e4rken, und wir wollen auch dazu beitragen, innovative Projekte mit sozialem Nutzen bekannt zu machen. Mach mit bei der Ver\u00e4nderung, finde deine beste Version [button text=&#8220;Herren-Accessoires&#8220; color=&#8220;white&#8220; radius=&#8220;57&#8243; link=&#8220;https:\/\/jmn1970.com&#8220;] [&hellip;]","og_url":"https:\/\/www.fabricacinturones.com\/de\/sei-die-beste-version\/","og_site_name":"Fabrica de cinturones","article_modified_time":"2023-10-24T16:24:25+00:00","twitter_card":"summary_large_image","twitter_misc":{"Gesch\u00e4tzte Lesezeit":"2\u00a0Minuten"},"schema":{"@context":"https:\/\/schema.org","@graph":[{"@type":"WebPage","@id":"https:\/\/www.fabricacinturones.com\/de\/sei-die-beste-version\/","url":"https:\/\/www.fabricacinturones.com\/de\/sei-die-beste-version\/","name":"Sei die beste Version | Jmn1970 | Details Make the Difference","isPartOf":{"@id":"https:\/\/www.fabricacinturones.com\/de\/#website"},"datePublished":"2023-10-24T16:24:23+00:00","dateModified":"2023-10-24T16:24:25+00:00","breadcrumb":{"@id":"https:\/\/www.fabricacinturones.com\/de\/sei-die-beste-version\/#breadcrumb"},"inLanguage":"de","potentialAction":[{"@type":"ReadAction","target":["https:\/\/www.fabricacinturones.com\/de\/sei-die-beste-version\/"]}]},{"@type":"BreadcrumbList","@id":"https:\/\/www.fabricacinturones.com\/de\/sei-die-beste-version\/#breadcrumb","itemListElement":[{"@type":"ListItem","position":1,"name":"Portada","item":"https:\/\/www.fabricacinturones.com\/de\/"},{"@type":"ListItem","position":2,"name":"Sei die beste Version"}]},{"@type":"WebSite","@id":"https:\/\/www.fabricacinturones.com\/de\/#website","url":"https:\/\/www.fabricacinturones.com\/de\/","name":"Fabrica de cinturones","description":"","publisher":{"@id":"https:\/\/www.fabricacinturones.com\/de\/#organization"},"potentialAction":[{"@type":"SearchAction","target":{"@type":"EntryPoint","urlTemplate":"https:\/\/www.fabricacinturones.com\/de\/?s={search_term_string}"},"query-input":{"@type":"PropertyValueSpecification","valueRequired":true,"valueName":"search_term_string"}}],"inLanguage":"de"},{"@type":"Organization","@id":"https:\/\/www.fabricacinturones.com\/de\/#organization","name":"Jmn 1970brica de cinturones","url":"https:\/\/www.fabricacinturones.com\/de\/","logo":{"@type":"ImageObject","inLanguage":"de","@id":"https:\/\/www.fabricacinturones.com\/de\/#\/schema\/logo\/image\/","url":"https:\/\/www.fabricacinturones.com\/wp-content\/uploads\/2023\/07\/cropped-cropped-cropped-Logo-con-tipografia-circular-para-servicios-fotografo-beis-y-negro-1-150x42-1.png","contentUrl":"https:\/\/www.fabricacinturones.com\/wp-content\/uploads\/2023\/07\/cropped-cropped-cropped-Logo-con-tipografia-circular-para-servicios-fotografo-beis-y-negro-1-150x42-1.png","width":150,"height":42,"caption":"Jmn 1970brica de cinturones"},"image":{"@id":"https:\/\/www.fabricacinturones.com\/de\/#\/schema\/logo\/image\/"},"sameAs":["https:\/\/www.instagram.com\/jmn1970co\/"]}]}},"_links":{"self":[{"href":"https:\/\/www.fabricacinturones.com\/de\/wp-json\/wp\/v2\/pages\/3662","targetHints":{"allow":["GET"]}}],"collection":[{"href":"https:\/\/www.fabricacinturones.com\/de\/wp-json\/wp\/v2\/pages"}],"about":[{"href":"https:\/\/www.fabricacinturones.com\/de\/wp-json\/wp\/v2\/types\/page"}],"author":[{"embeddable":true,"href":"https:\/\/www.fabricacinturones.com\/de\/wp-json\/wp\/v2\/users\/1"}],"replies":[{"embeddable":true,"href":"https:\/\/www.fabricacinturones.com\/de\/wp-json\/wp\/v2\/comments?post=3662"}],"version-history":[{"count":1,"href":"https:\/\/www.fabricacinturones.com\/de\/wp-json\/wp\/v2\/pages\/3662\/revisions"}],"predecessor-version":[{"id":3668,"href":"https:\/\/www.fabricacinturones.com\/de\/wp-json\/wp\/v2\/pages\/3662\/revisions\/3668"}],"wp:attachment":[{"href":"https:\/\/www.fabricacinturones.com\/de\/wp-json\/wp\/v2\/media?parent=3662"}],"curies":[{"name":"wp","href":"https:\/\/api.w.org\/{rel}","templated":true}]}}