{"id":3692,"date":"2023-10-24T16:24:25","date_gmt":"2023-10-24T16:24:25","guid":{"rendered":"https:\/\/www.fabricacinturones.com\/modische-accessoires-kaufen\/tierische-guertel\/"},"modified":"2023-10-24T16:24:25","modified_gmt":"2023-10-24T16:24:25","slug":"tierische-guertel","status":"publish","type":"page","link":"https:\/\/www.fabricacinturones.com\/de\/modische-accessoires-kaufen\/tierische-guertel\/","title":{"rendered":"Tierische G\u00fcrtel"},"content":{"rendered":"\n[row style=&#8220;collapse&#8220; width=&#8220;full-width&#8220;]\n\n[col span=&#8220;5&#8243; span__sm=&#8220;12&#8243;]\n\n[ux_banner height=&#8220;560px&#8220; bg=&#8220;1079&#8243; bg_size=&#8220;medium&#8220; bg_color=&#8220;#878787&#8243; parallax=&#8220;8&#8243;]\n\n\n[\/ux_banner]\n\n[\/col]\n[col span=&#8220;7&#8243; span__sm=&#8220;12&#8243;]\n\n[ux_banner height=&#8220;560px&#8220; bg_color=&#8220;rgb(253, 253, 253)&#8220;]\n\n[text_box text_color=&#8220;dark&#8220; position_x=&#8220;50&#8243; position_y=&#8220;50&#8243; text_align=&#8220;left&#8220;]\n\n[gap height=&#8220;6px&#8220;]\n\n<h1 class=\"uppercase\" style=\"text-align: left\"><span style=\"font-size: 110%\"><strong>Tierg\u00fcrtel<\/strong><\/span><\/h1>\n<p><span style=\"font-size: 120%\"><span style=\"font-size: 120%\">Finden Sie die <\/span><span style=\"font-size: 17.28px\">\n  <b>G\u00fcrtel<\/b>\n<\/span><b style=\"font-size: 120%\"> mit Tierschnallen<\/b><span style=\"font-size: 120%\"> perfekt f\u00fcr Ihr Outfit und Ihre Pers\u00f6nlichkeit <\/span><span style=\"font-size: 17.28px\">freundlich<\/span><span style=\"font-size: 120%\"> mit unseren kleinen Tieren.<\/span><\/span><\/p>\n[gap height=&#8220;10px&#8220;]\n\n[button text=&#8220;entdecken&#8220; style=&#8220;outline&#8220; size=&#8220;large&#8220; rel=&#8220;products&#8220;]\n\n\n[\/text_box]\n\n[\/ux_banner]\n\n[\/col]\n\n[\/row]\n[gap]\n\n[ux_products type=&#8220;row&#8220; col_spacing=&#8220;normal&#8220; columns=&#8220;3&#8243; ids=&#8220;1077,1020,1068,783,809&#8243;]\n\n<h2>Tierg\u00fcrtel zum Tragen<\/h2>\n<p>Stilvolle <strong>G\u00fcrtel mit Tierschnallen<\/strong> aus Leder f\u00fcr jede Gelegenheit im Leben und jede Art von Outfit, das Sie mit unseren einzigartigen Designs kombinieren m\u00f6chten.<\/p>\n<p> <\/p>\n","protected":false},"excerpt":{"rendered":"<p>[row style=&#8220;collapse&#8220; width=&#8220;full-width&#8220;] [col span=&#8220;5&#8243; span__sm=&#8220;12&#8243;] [ux_banner height=&#8220;560px&#8220; bg=&#8220;1079&#8243; bg_size=&#8220;medium&#8220; bg_color=&#8220;#878787&#8243; parallax=&#8220;8&#8243;] [\/ux_banner] [\/col] [col span=&#8220;7&#8243; span__sm=&#8220;12&#8243;] [ux_banner height=&#8220;560px&#8220; bg_color=&#8220;rgb(253, 253, 253)&#8220;] [text_box text_color=&#8220;dark&#8220; position_x=&#8220;50&#8243; position_y=&#8220;50&#8243; text_align=&#8220;left&#8220;] [gap height=&#8220;6px&#8220;] Tierg\u00fcrtel Finden Sie die G\u00fcrtel mit Tierschnallen perfekt f\u00fcr Ihr Outfit und Ihre Pers\u00f6nlichkeit freundlich mit unseren kleinen Tieren. [gap height=&#8220;10px&#8220;] [button text=&#8220;entdecken&#8220; style=&#8220;outline&#8220; size=&#8220;large&#8220; rel=&#8220;products&#8220;] [&hellip;]<\/p>\n","protected":false},"author":1,"featured_media":0,"parent":3490,"menu_order":0,"comment_status":"closed","ping_status":"closed","template":"","meta":{"site-sidebar-layout":"default","site-content-layout":"","ast-site-content-layout":"default","site-content-style":"default","site-sidebar-style":"default","ast-global-header-display":"","ast-banner-title-visibility":"","ast-main-header-display":"","ast-hfb-above-header-display":"","ast-hfb-below-header-display":"","ast-hfb-mobile-header-display":"","site-post-title":"","ast-breadcrumbs-content":"","ast-featured-img":"","footer-sml-layout":"","ast-disable-related-posts":"","theme-transparent-header-meta":"","adv-header-id-meta":"","stick-header-meta":"","header-above-stick-meta":"","header-main-stick-meta":"","header-below-stick-meta":"","astra-migrate-meta-layouts":"default","ast-page-background-enabled":"default","ast-page-background-meta":{"desktop":{"background-color":"","background-image":"","background-repeat":"repeat","background-position":"center center","background-size":"auto","background-attachment":"scroll","background-type":"","background-media":"","overlay-type":"","overlay-color":"","overlay-opacity":"","overlay-gradient":""},"tablet":{"background-color":"","background-image":"","background-repeat":"repeat","background-position":"center center","background-size":"auto","background-attachment":"scroll","background-type":"","background-media":"","overlay-type":"","overlay-color":"","overlay-opacity":"","overlay-gradient":""},"mobile":{"background-color":"","background-image":"","background-repeat":"repeat","background-position":"center center","background-size":"auto","background-attachment":"scroll","background-type":"","background-media":"","overlay-type":"","overlay-color":"","overlay-opacity":"","overlay-gradient":""}},"ast-content-background-meta":{"desktop":{"background-color":"var(--ast-global-color-5)","background-image":"","background-repeat":"repeat","background-position":"center center","background-size":"auto","background-attachment":"scroll","background-type":"","background-media":"","overlay-type":"","overlay-color":"","overlay-opacity":"","overlay-gradient":""},"tablet":{"background-color":"var(--ast-global-color-5)","background-image":"","background-repeat":"repeat","background-position":"center center","background-size":"auto","background-attachment":"scroll","background-type":"","background-media":"","overlay-type":"","overlay-color":"","overlay-opacity":"","overlay-gradient":""},"mobile":{"background-color":"var(--ast-global-color-5)","background-image":"","background-repeat":"repeat","background-position":"center center","background-size":"auto","background-attachment":"scroll","background-type":"","background-media":"","overlay-type":"","overlay-color":"","overlay-opacity":"","overlay-gradient":""}},"_joinchat":[],"footnotes":""},"class_list":["post-3692","page","type-page","status-publish","hentry"],"yoast_head":"<!-- This site is optimized with the Yoast SEO plugin v27.4 - https:\/\/yoast.com\/product\/yoast-seo-wordpress\/ -->\n<title>Tierische G\u00fcrtel | Jmn1970 | Details Make the Difference<\/title>\n<meta name=\"robots\" content=\"index, follow, max-snippet:-1, max-image-preview:large, max-video-preview:-1\" \/>\n<link rel=\"canonical\" href=\"https:\/\/www.fabricacinturones.com\/de\/modische-accessoires-kaufen\/tierische-guertel\/\" \/>\n<meta property=\"og:locale\" content=\"de_DE\" \/>\n<meta property=\"og:type\" content=\"article\" \/>\n<meta property=\"og:title\" content=\"Tierische G\u00fcrtel | Jmn1970 | Details Make the Difference\" \/>\n<meta property=\"og:description\" content=\"[row style=&#8220;collapse&#8220; width=&#8220;full-width&#8220;] [col span=&#8220;5&#8243; span__sm=&#8220;12&#8243;] [ux_banner height=&#8220;560px&#8220; bg=&#8220;1079&#8243; bg_size=&#8220;medium&#8220; bg_color=&#8220;#878787&#8243; parallax=&#8220;8&#8243;] [\/ux_banner] [\/col] [col span=&#8220;7&#8243; span__sm=&#8220;12&#8243;] [ux_banner height=&#8220;560px&#8220; bg_color=&#8220;rgb(253, 253, 253)&#8220;] [text_box text_color=&#8220;dark&#8220; position_x=&#8220;50&#8243; position_y=&#8220;50&#8243; text_align=&#8220;left&#8220;] [gap height=&#8220;6px&#8220;] Tierg\u00fcrtel Finden Sie die G\u00fcrtel mit Tierschnallen perfekt f\u00fcr Ihr Outfit und Ihre Pers\u00f6nlichkeit freundlich mit unseren kleinen Tieren. [gap height=&#8220;10px&#8220;] [button text=&#8220;entdecken&#8220; style=&#8220;outline&#8220; size=&#8220;large&#8220; rel=&#8220;products&#8220;] [&hellip;]\" \/>\n<meta property=\"og:url\" content=\"https:\/\/www.fabricacinturones.com\/de\/modische-accessoires-kaufen\/tierische-guertel\/\" \/>\n<meta property=\"og:site_name\" content=\"Fabrica de cinturones\" \/>\n<meta name=\"twitter:card\" content=\"summary_large_image\" \/>\n<meta name=\"twitter:label1\" content=\"Gesch\u00e4tzte Lesezeit\" \/>\n\t<meta name=\"twitter:data1\" content=\"1\u00a0Minute\" \/>\n<script type=\"application\/ld+json\" class=\"yoast-schema-graph\">{\"@context\":\"https:\\\/\\\/schema.org\",\"@graph\":[{\"@type\":\"WebPage\",\"@id\":\"https:\\\/\\\/www.fabricacinturones.com\\\/de\\\/modische-accessoires-kaufen\\\/tierische-guertel\\\/\",\"url\":\"https:\\\/\\\/www.fabricacinturones.com\\\/de\\\/modische-accessoires-kaufen\\\/tierische-guertel\\\/\",\"name\":\"Tierische G\u00fcrtel | Jmn1970 | Details Make the Difference\",\"isPartOf\":{\"@id\":\"https:\\\/\\\/www.fabricacinturones.com\\\/de\\\/#website\"},\"datePublished\":\"2023-10-24T16:24:25+00:00\",\"breadcrumb\":{\"@id\":\"https:\\\/\\\/www.fabricacinturones.com\\\/de\\\/modische-accessoires-kaufen\\\/tierische-guertel\\\/#breadcrumb\"},\"inLanguage\":\"de\",\"potentialAction\":[{\"@type\":\"ReadAction\",\"target\":[\"https:\\\/\\\/www.fabricacinturones.com\\\/de\\\/modische-accessoires-kaufen\\\/tierische-guertel\\\/\"]}]},{\"@type\":\"BreadcrumbList\",\"@id\":\"https:\\\/\\\/www.fabricacinturones.com\\\/de\\\/modische-accessoires-kaufen\\\/tierische-guertel\\\/#breadcrumb\",\"itemListElement\":[{\"@type\":\"ListItem\",\"position\":1,\"name\":\"Portada\",\"item\":\"https:\\\/\\\/www.fabricacinturones.com\\\/de\\\/\"},{\"@type\":\"ListItem\",\"position\":2,\"name\":\"Modische Accessoires kaufen\",\"item\":\"https:\\\/\\\/www.fabricacinturones.com\\\/de\\\/modische-accessoires-kaufen\\\/\"},{\"@type\":\"ListItem\",\"position\":3,\"name\":\"Tierische G\u00fcrtel\"}]},{\"@type\":\"WebSite\",\"@id\":\"https:\\\/\\\/www.fabricacinturones.com\\\/de\\\/#website\",\"url\":\"https:\\\/\\\/www.fabricacinturones.com\\\/de\\\/\",\"name\":\"Fabrica de cinturones\",\"description\":\"\",\"publisher\":{\"@id\":\"https:\\\/\\\/www.fabricacinturones.com\\\/de\\\/#organization\"},\"potentialAction\":[{\"@type\":\"SearchAction\",\"target\":{\"@type\":\"EntryPoint\",\"urlTemplate\":\"https:\\\/\\\/www.fabricacinturones.com\\\/de\\\/?s={search_term_string}\"},\"query-input\":{\"@type\":\"PropertyValueSpecification\",\"valueRequired\":true,\"valueName\":\"search_term_string\"}}],\"inLanguage\":\"de\"},{\"@type\":\"Organization\",\"@id\":\"https:\\\/\\\/www.fabricacinturones.com\\\/de\\\/#organization\",\"name\":\"Jmn 1970brica de cinturones\",\"url\":\"https:\\\/\\\/www.fabricacinturones.com\\\/de\\\/\",\"logo\":{\"@type\":\"ImageObject\",\"inLanguage\":\"de\",\"@id\":\"https:\\\/\\\/www.fabricacinturones.com\\\/de\\\/#\\\/schema\\\/logo\\\/image\\\/\",\"url\":\"https:\\\/\\\/www.fabricacinturones.com\\\/wp-content\\\/uploads\\\/2023\\\/07\\\/cropped-cropped-cropped-Logo-con-tipografia-circular-para-servicios-fotografo-beis-y-negro-1-150x42-1.png\",\"contentUrl\":\"https:\\\/\\\/www.fabricacinturones.com\\\/wp-content\\\/uploads\\\/2023\\\/07\\\/cropped-cropped-cropped-Logo-con-tipografia-circular-para-servicios-fotografo-beis-y-negro-1-150x42-1.png\",\"width\":150,\"height\":42,\"caption\":\"Jmn 1970brica de cinturones\"},\"image\":{\"@id\":\"https:\\\/\\\/www.fabricacinturones.com\\\/de\\\/#\\\/schema\\\/logo\\\/image\\\/\"},\"sameAs\":[\"https:\\\/\\\/www.instagram.com\\\/jmn1970co\\\/\"]}]}<\/script>\n<!-- \/ Yoast SEO plugin. -->","yoast_head_json":{"title":"Tierische G\u00fcrtel | Jmn1970 | Details Make the Difference","robots":{"index":"index","follow":"follow","max-snippet":"max-snippet:-1","max-image-preview":"max-image-preview:large","max-video-preview":"max-video-preview:-1"},"canonical":"https:\/\/www.fabricacinturones.com\/de\/modische-accessoires-kaufen\/tierische-guertel\/","og_locale":"de_DE","og_type":"article","og_title":"Tierische G\u00fcrtel | Jmn1970 | Details Make the Difference","og_description":"[row style=&#8220;collapse&#8220; width=&#8220;full-width&#8220;] [col span=&#8220;5&#8243; span__sm=&#8220;12&#8243;] [ux_banner height=&#8220;560px&#8220; bg=&#8220;1079&#8243; bg_size=&#8220;medium&#8220; bg_color=&#8220;#878787&#8243; parallax=&#8220;8&#8243;] [\/ux_banner] [\/col] [col span=&#8220;7&#8243; span__sm=&#8220;12&#8243;] [ux_banner height=&#8220;560px&#8220; bg_color=&#8220;rgb(253, 253, 253)&#8220;] [text_box text_color=&#8220;dark&#8220; position_x=&#8220;50&#8243; position_y=&#8220;50&#8243; text_align=&#8220;left&#8220;] [gap height=&#8220;6px&#8220;] Tierg\u00fcrtel Finden Sie die G\u00fcrtel mit Tierschnallen perfekt f\u00fcr Ihr Outfit und Ihre Pers\u00f6nlichkeit freundlich mit unseren kleinen Tieren. [gap height=&#8220;10px&#8220;] [button text=&#8220;entdecken&#8220; style=&#8220;outline&#8220; size=&#8220;large&#8220; rel=&#8220;products&#8220;] [&hellip;]","og_url":"https:\/\/www.fabricacinturones.com\/de\/modische-accessoires-kaufen\/tierische-guertel\/","og_site_name":"Fabrica de cinturones","twitter_card":"summary_large_image","twitter_misc":{"Gesch\u00e4tzte Lesezeit":"1\u00a0Minute"},"schema":{"@context":"https:\/\/schema.org","@graph":[{"@type":"WebPage","@id":"https:\/\/www.fabricacinturones.com\/de\/modische-accessoires-kaufen\/tierische-guertel\/","url":"https:\/\/www.fabricacinturones.com\/de\/modische-accessoires-kaufen\/tierische-guertel\/","name":"Tierische G\u00fcrtel | Jmn1970 | Details Make the Difference","isPartOf":{"@id":"https:\/\/www.fabricacinturones.com\/de\/#website"},"datePublished":"2023-10-24T16:24:25+00:00","breadcrumb":{"@id":"https:\/\/www.fabricacinturones.com\/de\/modische-accessoires-kaufen\/tierische-guertel\/#breadcrumb"},"inLanguage":"de","potentialAction":[{"@type":"ReadAction","target":["https:\/\/www.fabricacinturones.com\/de\/modische-accessoires-kaufen\/tierische-guertel\/"]}]},{"@type":"BreadcrumbList","@id":"https:\/\/www.fabricacinturones.com\/de\/modische-accessoires-kaufen\/tierische-guertel\/#breadcrumb","itemListElement":[{"@type":"ListItem","position":1,"name":"Portada","item":"https:\/\/www.fabricacinturones.com\/de\/"},{"@type":"ListItem","position":2,"name":"Modische Accessoires kaufen","item":"https:\/\/www.fabricacinturones.com\/de\/modische-accessoires-kaufen\/"},{"@type":"ListItem","position":3,"name":"Tierische G\u00fcrtel"}]},{"@type":"WebSite","@id":"https:\/\/www.fabricacinturones.com\/de\/#website","url":"https:\/\/www.fabricacinturones.com\/de\/","name":"Fabrica de cinturones","description":"","publisher":{"@id":"https:\/\/www.fabricacinturones.com\/de\/#organization"},"potentialAction":[{"@type":"SearchAction","target":{"@type":"EntryPoint","urlTemplate":"https:\/\/www.fabricacinturones.com\/de\/?s={search_term_string}"},"query-input":{"@type":"PropertyValueSpecification","valueRequired":true,"valueName":"search_term_string"}}],"inLanguage":"de"},{"@type":"Organization","@id":"https:\/\/www.fabricacinturones.com\/de\/#organization","name":"Jmn 1970brica de cinturones","url":"https:\/\/www.fabricacinturones.com\/de\/","logo":{"@type":"ImageObject","inLanguage":"de","@id":"https:\/\/www.fabricacinturones.com\/de\/#\/schema\/logo\/image\/","url":"https:\/\/www.fabricacinturones.com\/wp-content\/uploads\/2023\/07\/cropped-cropped-cropped-Logo-con-tipografia-circular-para-servicios-fotografo-beis-y-negro-1-150x42-1.png","contentUrl":"https:\/\/www.fabricacinturones.com\/wp-content\/uploads\/2023\/07\/cropped-cropped-cropped-Logo-con-tipografia-circular-para-servicios-fotografo-beis-y-negro-1-150x42-1.png","width":150,"height":42,"caption":"Jmn 1970brica de cinturones"},"image":{"@id":"https:\/\/www.fabricacinturones.com\/de\/#\/schema\/logo\/image\/"},"sameAs":["https:\/\/www.instagram.com\/jmn1970co\/"]}]}},"_links":{"self":[{"href":"https:\/\/www.fabricacinturones.com\/de\/wp-json\/wp\/v2\/pages\/3692","targetHints":{"allow":["GET"]}}],"collection":[{"href":"https:\/\/www.fabricacinturones.com\/de\/wp-json\/wp\/v2\/pages"}],"about":[{"href":"https:\/\/www.fabricacinturones.com\/de\/wp-json\/wp\/v2\/types\/page"}],"author":[{"embeddable":true,"href":"https:\/\/www.fabricacinturones.com\/de\/wp-json\/wp\/v2\/users\/1"}],"replies":[{"embeddable":true,"href":"https:\/\/www.fabricacinturones.com\/de\/wp-json\/wp\/v2\/comments?post=3692"}],"version-history":[{"count":1,"href":"https:\/\/www.fabricacinturones.com\/de\/wp-json\/wp\/v2\/pages\/3692\/revisions"}],"predecessor-version":[{"id":3696,"href":"https:\/\/www.fabricacinturones.com\/de\/wp-json\/wp\/v2\/pages\/3692\/revisions\/3696"}],"up":[{"embeddable":true,"href":"https:\/\/www.fabricacinturones.com\/de\/wp-json\/wp\/v2\/pages\/3490"}],"wp:attachment":[{"href":"https:\/\/www.fabricacinturones.com\/de\/wp-json\/wp\/v2\/media?parent=3692"}],"curies":[{"name":"wp","href":"https:\/\/api.w.org\/{rel}","templated":true}]}}