{"id":3352,"date":"2023-10-24T16:24:00","date_gmt":"2023-10-24T16:24:00","guid":{"rendered":"https:\/\/www.fabricacinturones.com\/acheter-des-accessoires-de-mode-elegants\/"},"modified":"2023-10-24T16:24:04","modified_gmt":"2023-10-24T16:24:04","slug":"acheter-des-accessoires-de-mode-elegants","status":"publish","type":"page","link":"https:\/\/www.fabricacinturones.com\/fr\/acheter-des-accessoires-de-mode-elegants\/","title":{"rendered":"Acheter des accessoires de mode \u00e9l\u00e9gants"},"content":{"rendered":"\n<p>Accessoires de mode et accessoires pour la vie quotidienne  <\/p>\n\n<h2 class=\"wp-block-heading\">Acheter des accessoires de mode en ligne<\/h2>\n\n<p>Acheter des <strong>accessoires de mode en ligne<\/strong> sur Jmn 1970, une marque historique cr\u00e9\u00e9e par des artisans du cuir en Espagne.<\/p>\n\n<p>D\u00e9couvrez toutes nos collections \u00e9l\u00e9gantes con\u00e7ues et fabriqu\u00e9es par nos artisans en fonction de votre style vestimentaire pour toutes les occasions de votre vie, selon notre devise : <em>les d\u00e9tails font la diff\u00e9rence<\/em>.<\/p>\n\n<h3 class=\"wp-block-heading\">Collections sp\u00e9ciales de ceintures<\/h3>\n\n<p><a href=\"https:\/\/www.fabricacinturones.com\/comprar-complementos-moda\/cinturones-de-animales\/\">Ceintures pour animaux<\/a> <\/p>\n\n<p><a href=\"https:\/\/www.fabricacinturones.com\/cinturones-tallas-grandes-hombre\/\">Ceintures de grande taille<\/a><\/p>\n","protected":false},"excerpt":{"rendered":"<p>Accessoires de mode et accessoires pour la vie quotidienne Acheter des accessoires de mode en ligne Acheter des accessoires de mode en ligne sur Jmn 1970, une marque historique cr\u00e9\u00e9e par des artisans du cuir en Espagne. D\u00e9couvrez toutes nos collections \u00e9l\u00e9gantes con\u00e7ues et fabriqu\u00e9es par nos artisans en fonction de votre style vestimentaire pour [&hellip;]<\/p>\n","protected":false},"author":1,"featured_media":0,"parent":0,"menu_order":0,"comment_status":"closed","ping_status":"closed","template":"","meta":{"site-sidebar-layout":"default","site-content-layout":"","ast-site-content-layout":"default","site-content-style":"default","site-sidebar-style":"default","ast-global-header-display":"","ast-banner-title-visibility":"","ast-main-header-display":"","ast-hfb-above-header-display":"","ast-hfb-below-header-display":"","ast-hfb-mobile-header-display":"","site-post-title":"","ast-breadcrumbs-content":"","ast-featured-img":"","footer-sml-layout":"","ast-disable-related-posts":"","theme-transparent-header-meta":"","adv-header-id-meta":"","stick-header-meta":"","header-above-stick-meta":"","header-main-stick-meta":"","header-below-stick-meta":"","astra-migrate-meta-layouts":"default","ast-page-background-enabled":"default","ast-page-background-meta":{"desktop":{"background-color":"","background-image":"","background-repeat":"repeat","background-position":"center center","background-size":"auto","background-attachment":"scroll","background-type":"","background-media":"","overlay-type":"","overlay-color":"","overlay-opacity":"","overlay-gradient":""},"tablet":{"background-color":"","background-image":"","background-repeat":"repeat","background-position":"center center","background-size":"auto","background-attachment":"scroll","background-type":"","background-media":"","overlay-type":"","overlay-color":"","overlay-opacity":"","overlay-gradient":""},"mobile":{"background-color":"","background-image":"","background-repeat":"repeat","background-position":"center center","background-size":"auto","background-attachment":"scroll","background-type":"","background-media":"","overlay-type":"","overlay-color":"","overlay-opacity":"","overlay-gradient":""}},"ast-content-background-meta":{"desktop":{"background-color":"var(--ast-global-color-5)","background-image":"","background-repeat":"repeat","background-position":"center center","background-size":"auto","background-attachment":"scroll","background-type":"","background-media":"","overlay-type":"","overlay-color":"","overlay-opacity":"","overlay-gradient":""},"tablet":{"background-color":"var(--ast-global-color-5)","background-image":"","background-repeat":"repeat","background-position":"center center","background-size":"auto","background-attachment":"scroll","background-type":"","background-media":"","overlay-type":"","overlay-color":"","overlay-opacity":"","overlay-gradient":""},"mobile":{"background-color":"var(--ast-global-color-5)","background-image":"","background-repeat":"repeat","background-position":"center center","background-size":"auto","background-attachment":"scroll","background-type":"","background-media":"","overlay-type":"","overlay-color":"","overlay-opacity":"","overlay-gradient":""}},"_joinchat":[],"footnotes":""},"class_list":["post-3352","page","type-page","status-publish","hentry"],"yoast_head":"<!-- This site is optimized with the Yoast SEO plugin v27.5 - https:\/\/yoast.com\/product\/yoast-seo-wordpress\/ -->\n<title>Accessoires de mode | Jmn1970 | Les d\u00e9tails font la diff\u00e9rence<\/title>\n<meta name=\"description\" content=\"Jmn1970 vous propose des accessoires de mode pour hommes et femmes avec des finitions uniques fabriqu\u00e9es dans notre propre usine situ\u00e9e en Espagne.\" \/>\n<meta name=\"robots\" content=\"index, follow, max-snippet:-1, max-image-preview:large, max-video-preview:-1\" \/>\n<link rel=\"canonical\" href=\"https:\/\/www.fabricacinturones.com\/fr\/acheter-des-accessoires-de-mode-elegants\/\" \/>\n<meta property=\"og:locale\" content=\"fr_FR\" \/>\n<meta property=\"og:type\" content=\"article\" \/>\n<meta property=\"og:title\" content=\"Accessoires de mode | Jmn1970 | Les d\u00e9tails font la diff\u00e9rence\" \/>\n<meta property=\"og:description\" content=\"Jmn1970 vous propose des accessoires de mode pour hommes et femmes avec des finitions uniques fabriqu\u00e9es dans notre propre usine situ\u00e9e en Espagne.\" \/>\n<meta property=\"og:url\" content=\"https:\/\/www.fabricacinturones.com\/fr\/acheter-des-accessoires-de-mode-elegants\/\" \/>\n<meta property=\"og:site_name\" content=\"Fabrica de cinturones\" \/>\n<meta property=\"article:modified_time\" content=\"2023-10-24T16:24:04+00:00\" \/>\n<meta name=\"twitter:card\" content=\"summary_large_image\" \/>\n<script type=\"application\/ld+json\" class=\"yoast-schema-graph\">{\"@context\":\"https:\\\/\\\/schema.org\",\"@graph\":[{\"@type\":\"WebPage\",\"@id\":\"https:\\\/\\\/www.fabricacinturones.com\\\/fr\\\/acheter-des-accessoires-de-mode-elegants\\\/\",\"url\":\"https:\\\/\\\/www.fabricacinturones.com\\\/fr\\\/acheter-des-accessoires-de-mode-elegants\\\/\",\"name\":\"Accessoires de mode | Jmn1970 | Les d\u00e9tails font la diff\u00e9rence\",\"isPartOf\":{\"@id\":\"https:\\\/\\\/www.fabricacinturones.com\\\/fr\\\/#website\"},\"datePublished\":\"2023-10-24T16:24:00+00:00\",\"dateModified\":\"2023-10-24T16:24:04+00:00\",\"description\":\"Jmn1970 vous propose des accessoires de mode pour hommes et femmes avec des finitions uniques fabriqu\u00e9es dans notre propre usine situ\u00e9e en Espagne.\",\"breadcrumb\":{\"@id\":\"https:\\\/\\\/www.fabricacinturones.com\\\/fr\\\/acheter-des-accessoires-de-mode-elegants\\\/#breadcrumb\"},\"inLanguage\":\"fr-FR\",\"potentialAction\":[{\"@type\":\"ReadAction\",\"target\":[\"https:\\\/\\\/www.fabricacinturones.com\\\/fr\\\/acheter-des-accessoires-de-mode-elegants\\\/\"]}]},{\"@type\":\"BreadcrumbList\",\"@id\":\"https:\\\/\\\/www.fabricacinturones.com\\\/fr\\\/acheter-des-accessoires-de-mode-elegants\\\/#breadcrumb\",\"itemListElement\":[{\"@type\":\"ListItem\",\"position\":1,\"name\":\"Portada\",\"item\":\"https:\\\/\\\/www.fabricacinturones.com\\\/fr\\\/\"},{\"@type\":\"ListItem\",\"position\":2,\"name\":\"Acheter des accessoires de mode \u00e9l\u00e9gants\"}]},{\"@type\":\"WebSite\",\"@id\":\"https:\\\/\\\/www.fabricacinturones.com\\\/fr\\\/#website\",\"url\":\"https:\\\/\\\/www.fabricacinturones.com\\\/fr\\\/\",\"name\":\"Fabrica de cinturones\",\"description\":\"\",\"publisher\":{\"@id\":\"https:\\\/\\\/www.fabricacinturones.com\\\/fr\\\/#organization\"},\"potentialAction\":[{\"@type\":\"SearchAction\",\"target\":{\"@type\":\"EntryPoint\",\"urlTemplate\":\"https:\\\/\\\/www.fabricacinturones.com\\\/fr\\\/?s={search_term_string}\"},\"query-input\":{\"@type\":\"PropertyValueSpecification\",\"valueRequired\":true,\"valueName\":\"search_term_string\"}}],\"inLanguage\":\"fr-FR\"},{\"@type\":\"Organization\",\"@id\":\"https:\\\/\\\/www.fabricacinturones.com\\\/fr\\\/#organization\",\"name\":\"Jmn 1970brica de cinturones\",\"url\":\"https:\\\/\\\/www.fabricacinturones.com\\\/fr\\\/\",\"logo\":{\"@type\":\"ImageObject\",\"inLanguage\":\"fr-FR\",\"@id\":\"https:\\\/\\\/www.fabricacinturones.com\\\/fr\\\/#\\\/schema\\\/logo\\\/image\\\/\",\"url\":\"https:\\\/\\\/www.fabricacinturones.com\\\/wp-content\\\/uploads\\\/2023\\\/07\\\/cropped-cropped-cropped-Logo-con-tipografia-circular-para-servicios-fotografo-beis-y-negro-1-150x42-1.png\",\"contentUrl\":\"https:\\\/\\\/www.fabricacinturones.com\\\/wp-content\\\/uploads\\\/2023\\\/07\\\/cropped-cropped-cropped-Logo-con-tipografia-circular-para-servicios-fotografo-beis-y-negro-1-150x42-1.png\",\"width\":150,\"height\":42,\"caption\":\"Jmn 1970brica de cinturones\"},\"image\":{\"@id\":\"https:\\\/\\\/www.fabricacinturones.com\\\/fr\\\/#\\\/schema\\\/logo\\\/image\\\/\"},\"sameAs\":[\"https:\\\/\\\/www.instagram.com\\\/jmn1970co\\\/\"]}]}<\/script>\n<!-- \/ Yoast SEO plugin. -->","yoast_head_json":{"title":"Accessoires de mode | Jmn1970 | Les d\u00e9tails font la diff\u00e9rence","description":"Jmn1970 vous propose des accessoires de mode pour hommes et femmes avec des finitions uniques fabriqu\u00e9es dans notre propre usine situ\u00e9e en Espagne.","robots":{"index":"index","follow":"follow","max-snippet":"max-snippet:-1","max-image-preview":"max-image-preview:large","max-video-preview":"max-video-preview:-1"},"canonical":"https:\/\/www.fabricacinturones.com\/fr\/acheter-des-accessoires-de-mode-elegants\/","og_locale":"fr_FR","og_type":"article","og_title":"Accessoires de mode | Jmn1970 | Les d\u00e9tails font la diff\u00e9rence","og_description":"Jmn1970 vous propose des accessoires de mode pour hommes et femmes avec des finitions uniques fabriqu\u00e9es dans notre propre usine situ\u00e9e en Espagne.","og_url":"https:\/\/www.fabricacinturones.com\/fr\/acheter-des-accessoires-de-mode-elegants\/","og_site_name":"Fabrica de cinturones","article_modified_time":"2023-10-24T16:24:04+00:00","twitter_card":"summary_large_image","schema":{"@context":"https:\/\/schema.org","@graph":[{"@type":"WebPage","@id":"https:\/\/www.fabricacinturones.com\/fr\/acheter-des-accessoires-de-mode-elegants\/","url":"https:\/\/www.fabricacinturones.com\/fr\/acheter-des-accessoires-de-mode-elegants\/","name":"Accessoires de mode | Jmn1970 | Les d\u00e9tails font la diff\u00e9rence","isPartOf":{"@id":"https:\/\/www.fabricacinturones.com\/fr\/#website"},"datePublished":"2023-10-24T16:24:00+00:00","dateModified":"2023-10-24T16:24:04+00:00","description":"Jmn1970 vous propose des accessoires de mode pour hommes et femmes avec des finitions uniques fabriqu\u00e9es dans notre propre usine situ\u00e9e en Espagne.","breadcrumb":{"@id":"https:\/\/www.fabricacinturones.com\/fr\/acheter-des-accessoires-de-mode-elegants\/#breadcrumb"},"inLanguage":"fr-FR","potentialAction":[{"@type":"ReadAction","target":["https:\/\/www.fabricacinturones.com\/fr\/acheter-des-accessoires-de-mode-elegants\/"]}]},{"@type":"BreadcrumbList","@id":"https:\/\/www.fabricacinturones.com\/fr\/acheter-des-accessoires-de-mode-elegants\/#breadcrumb","itemListElement":[{"@type":"ListItem","position":1,"name":"Portada","item":"https:\/\/www.fabricacinturones.com\/fr\/"},{"@type":"ListItem","position":2,"name":"Acheter des accessoires de mode \u00e9l\u00e9gants"}]},{"@type":"WebSite","@id":"https:\/\/www.fabricacinturones.com\/fr\/#website","url":"https:\/\/www.fabricacinturones.com\/fr\/","name":"Fabrica de cinturones","description":"","publisher":{"@id":"https:\/\/www.fabricacinturones.com\/fr\/#organization"},"potentialAction":[{"@type":"SearchAction","target":{"@type":"EntryPoint","urlTemplate":"https:\/\/www.fabricacinturones.com\/fr\/?s={search_term_string}"},"query-input":{"@type":"PropertyValueSpecification","valueRequired":true,"valueName":"search_term_string"}}],"inLanguage":"fr-FR"},{"@type":"Organization","@id":"https:\/\/www.fabricacinturones.com\/fr\/#organization","name":"Jmn 1970brica de cinturones","url":"https:\/\/www.fabricacinturones.com\/fr\/","logo":{"@type":"ImageObject","inLanguage":"fr-FR","@id":"https:\/\/www.fabricacinturones.com\/fr\/#\/schema\/logo\/image\/","url":"https:\/\/www.fabricacinturones.com\/wp-content\/uploads\/2023\/07\/cropped-cropped-cropped-Logo-con-tipografia-circular-para-servicios-fotografo-beis-y-negro-1-150x42-1.png","contentUrl":"https:\/\/www.fabricacinturones.com\/wp-content\/uploads\/2023\/07\/cropped-cropped-cropped-Logo-con-tipografia-circular-para-servicios-fotografo-beis-y-negro-1-150x42-1.png","width":150,"height":42,"caption":"Jmn 1970brica de cinturones"},"image":{"@id":"https:\/\/www.fabricacinturones.com\/fr\/#\/schema\/logo\/image\/"},"sameAs":["https:\/\/www.instagram.com\/jmn1970co\/"]}]}},"_links":{"self":[{"href":"https:\/\/www.fabricacinturones.com\/fr\/wp-json\/wp\/v2\/pages\/3352","targetHints":{"allow":["GET"]}}],"collection":[{"href":"https:\/\/www.fabricacinturones.com\/fr\/wp-json\/wp\/v2\/pages"}],"about":[{"href":"https:\/\/www.fabricacinturones.com\/fr\/wp-json\/wp\/v2\/types\/page"}],"author":[{"embeddable":true,"href":"https:\/\/www.fabricacinturones.com\/fr\/wp-json\/wp\/v2\/users\/1"}],"replies":[{"embeddable":true,"href":"https:\/\/www.fabricacinturones.com\/fr\/wp-json\/wp\/v2\/comments?post=3352"}],"version-history":[{"count":1,"href":"https:\/\/www.fabricacinturones.com\/fr\/wp-json\/wp\/v2\/pages\/3352\/revisions"}],"predecessor-version":[{"id":3386,"href":"https:\/\/www.fabricacinturones.com\/fr\/wp-json\/wp\/v2\/pages\/3352\/revisions\/3386"}],"wp:attachment":[{"href":"https:\/\/www.fabricacinturones.com\/fr\/wp-json\/wp\/v2\/media?parent=3352"}],"curies":[{"name":"wp","href":"https:\/\/api.w.org\/{rel}","templated":true}]}}