{"id":3676,"date":"2023-10-24T16:24:24","date_gmt":"2023-10-24T16:24:24","guid":{"rendered":"https:\/\/www.fabricacinturones.com\/ceintures-grande-taille-pour-femmes\/"},"modified":"2023-10-24T16:24:25","modified_gmt":"2023-10-24T16:24:25","slug":"ceintures-grande-taille-pour-femmes","status":"publish","type":"page","link":"https:\/\/www.fabricacinturones.com\/fr\/ceintures-grande-taille-pour-femmes\/","title":{"rendered":"Ceintures grande taille pour femmes"},"content":{"rendered":"\n[row style=\u00a0\u00bbcollapse\u00a0\u00bb width=\u00a0\u00bbfull-width\u00a0\u00bb]\n\n[col span=\u00a0\u00bb5&Prime; span__sm=\u00a0\u00bb12&Prime;]\n\n[ux_banner height=\u00a0\u00bb560px\u00a0\u00bb bg=\u00a0\u00bb594&Prime; bg_color=\u00a0\u00bb#878787&Prime; bg_pos=\u00a0\u00bb80% 69%\u00a0\u00bb hover=\u00a0\u00bbzoom-fade\u00a0\u00bb parallax=\u00a0\u00bb8&Prime;]\n\n\n[\/ux_banner]\n\n[\/col]\n[col span=\u00a0\u00bb7&Prime; span__sm=\u00a0\u00bb12&Prime;]\n\n[ux_banner height=\u00a0\u00bb560px\u00a0\u00bb bg_color=\u00a0\u00bbrgb(253, 253, 253)\u00a0\u00bb]\n\n[text_box text_color=\u00a0\u00bbdark\u00a0\u00bb position_x=\u00a0\u00bb50&Prime; position_y=\u00a0\u00bb50&Prime; text_align=\u00a0\u00bbleft\u00a0\u00bb]\n\n[gap height=\u00a0\u00bb6px\u00a0\u00bb]\n\n<h1 class=\"uppercase\" style=\"text-align: left;\"><span style=\"font-size: 110%;\"><strong>Ceintures grande taille pour femmes<\/strong><\/span><\/h1>\n<p><span style=\"font-size: 120%;\">Trouvez la <strong>ceinture en cuir grande taille<\/strong> parfaite pour s&rsquo;adapter \u00e0 votre tenue et \u00e0 chaque occasion.<\/span><\/p>\n[gap height=\u00a0\u00bb10px\u00a0\u00bb]\n\n[button text=\u00a0\u00bbd\u00e9couvrir\u00a0\u00bb style=\u00a0\u00bboutline\u00a0\u00bb size=\u00a0\u00bblarge\u00a0\u00bb rel=\u00a0\u00bbproducts\u00a0\u00bb]\n\n\n[\/text_box]\n\n[\/ux_banner]\n\n[\/col]\n\n[\/row]\n[gap]\n\n[ux_products type=\u00a0\u00bbrow\u00a0\u00bb col_spacing=\u00a0\u00bbnormal\u00a0\u00bb columns=\u00a0\u00bb3&Prime; cat=\u00a0\u00bb76&Prime;]\n\n<h2>Ceintures pour femmes en grandes tailles<\/h2>\n<p>Trouvez des ceintures <strong>femme grande taille <\/strong>en cuir extensible et des ceintures \u00e9l\u00e9gantes pour toutes les occasions et tous les types de v\u00eatements.<\/p>\n<p> <\/p>\n","protected":false},"excerpt":{"rendered":"<p>[row style=\u00a0\u00bbcollapse\u00a0\u00bb width=\u00a0\u00bbfull-width\u00a0\u00bb] [col span=\u00a0\u00bb5&Prime; span__sm=\u00a0\u00bb12&Prime;] [ux_banner height=\u00a0\u00bb560px\u00a0\u00bb bg=\u00a0\u00bb594&Prime; bg_color=\u00a0\u00bb#878787&Prime; bg_pos=\u00a0\u00bb80% 69%\u00a0\u00bb hover=\u00a0\u00bbzoom-fade\u00a0\u00bb parallax=\u00a0\u00bb8&Prime;] [\/ux_banner] [\/col] [col span=\u00a0\u00bb7&Prime; span__sm=\u00a0\u00bb12&Prime;] [ux_banner height=\u00a0\u00bb560px\u00a0\u00bb bg_color=\u00a0\u00bbrgb(253, 253, 253)\u00a0\u00bb] [text_box text_color=\u00a0\u00bbdark\u00a0\u00bb position_x=\u00a0\u00bb50&Prime; position_y=\u00a0\u00bb50&Prime; text_align=\u00a0\u00bbleft\u00a0\u00bb] [gap height=\u00a0\u00bb6px\u00a0\u00bb] Ceintures grande taille pour femmes Trouvez la ceinture en cuir grande taille parfaite pour s&rsquo;adapter \u00e0 votre tenue et \u00e0 chaque occasion. [gap height=\u00a0\u00bb10px\u00a0\u00bb] [&hellip;]<\/p>\n","protected":false},"author":1,"featured_media":0,"parent":0,"menu_order":0,"comment_status":"closed","ping_status":"closed","template":"","meta":{"site-sidebar-layout":"default","site-content-layout":"","ast-site-content-layout":"default","site-content-style":"default","site-sidebar-style":"default","ast-global-header-display":"","ast-banner-title-visibility":"","ast-main-header-display":"","ast-hfb-above-header-display":"","ast-hfb-below-header-display":"","ast-hfb-mobile-header-display":"","site-post-title":"","ast-breadcrumbs-content":"","ast-featured-img":"","footer-sml-layout":"","ast-disable-related-posts":"","theme-transparent-header-meta":"","adv-header-id-meta":"","stick-header-meta":"","header-above-stick-meta":"","header-main-stick-meta":"","header-below-stick-meta":"","astra-migrate-meta-layouts":"default","ast-page-background-enabled":"default","ast-page-background-meta":{"desktop":{"background-color":"","background-image":"","background-repeat":"repeat","background-position":"center center","background-size":"auto","background-attachment":"scroll","background-type":"","background-media":"","overlay-type":"","overlay-color":"","overlay-opacity":"","overlay-gradient":""},"tablet":{"background-color":"","background-image":"","background-repeat":"repeat","background-position":"center center","background-size":"auto","background-attachment":"scroll","background-type":"","background-media":"","overlay-type":"","overlay-color":"","overlay-opacity":"","overlay-gradient":""},"mobile":{"background-color":"","background-image":"","background-repeat":"repeat","background-position":"center center","background-size":"auto","background-attachment":"scroll","background-type":"","background-media":"","overlay-type":"","overlay-color":"","overlay-opacity":"","overlay-gradient":""}},"ast-content-background-meta":{"desktop":{"background-color":"var(--ast-global-color-5)","background-image":"","background-repeat":"repeat","background-position":"center center","background-size":"auto","background-attachment":"scroll","background-type":"","background-media":"","overlay-type":"","overlay-color":"","overlay-opacity":"","overlay-gradient":""},"tablet":{"background-color":"var(--ast-global-color-5)","background-image":"","background-repeat":"repeat","background-position":"center center","background-size":"auto","background-attachment":"scroll","background-type":"","background-media":"","overlay-type":"","overlay-color":"","overlay-opacity":"","overlay-gradient":""},"mobile":{"background-color":"var(--ast-global-color-5)","background-image":"","background-repeat":"repeat","background-position":"center center","background-size":"auto","background-attachment":"scroll","background-type":"","background-media":"","overlay-type":"","overlay-color":"","overlay-opacity":"","overlay-gradient":""}},"_joinchat":[],"footnotes":""},"class_list":["post-3676","page","type-page","status-publish","hentry"],"yoast_head":"<!-- This site is optimized with the Yoast SEO plugin v27.5 - https:\/\/yoast.com\/product\/yoast-seo-wordpress\/ -->\n<title>Ceintures grande taille pour femmes | Jmn1970 | Details Make the Difference<\/title>\n<meta name=\"robots\" content=\"index, follow, max-snippet:-1, max-image-preview:large, max-video-preview:-1\" \/>\n<link rel=\"canonical\" href=\"https:\/\/www.fabricacinturones.com\/fr\/ceintures-grande-taille-pour-femmes\/\" \/>\n<meta property=\"og:locale\" content=\"fr_FR\" \/>\n<meta property=\"og:type\" content=\"article\" \/>\n<meta property=\"og:title\" content=\"Ceintures grande taille pour femmes | Jmn1970 | Details Make the Difference\" \/>\n<meta property=\"og:description\" content=\"[row style=\u00a0\u00bbcollapse\u00a0\u00bb width=\u00a0\u00bbfull-width\u00a0\u00bb] [col span=\u00a0\u00bb5&Prime; span__sm=\u00a0\u00bb12&Prime;] [ux_banner height=\u00a0\u00bb560px\u00a0\u00bb bg=\u00a0\u00bb594&Prime; bg_color=\u00a0\u00bb#878787&Prime; bg_pos=\u00a0\u00bb80% 69%\u00a0\u00bb hover=\u00a0\u00bbzoom-fade\u00a0\u00bb parallax=\u00a0\u00bb8&Prime;] [\/ux_banner] [\/col] [col span=\u00a0\u00bb7&Prime; span__sm=\u00a0\u00bb12&Prime;] [ux_banner height=\u00a0\u00bb560px\u00a0\u00bb bg_color=\u00a0\u00bbrgb(253, 253, 253)\u00a0\u00bb] [text_box text_color=\u00a0\u00bbdark\u00a0\u00bb position_x=\u00a0\u00bb50&Prime; position_y=\u00a0\u00bb50&Prime; text_align=\u00a0\u00bbleft\u00a0\u00bb] [gap height=\u00a0\u00bb6px\u00a0\u00bb] Ceintures grande taille pour femmes Trouvez la ceinture en cuir grande taille parfaite pour s&rsquo;adapter \u00e0 votre tenue et \u00e0 chaque occasion. [gap height=\u00a0\u00bb10px\u00a0\u00bb] [&hellip;]\" \/>\n<meta property=\"og:url\" content=\"https:\/\/www.fabricacinturones.com\/fr\/ceintures-grande-taille-pour-femmes\/\" \/>\n<meta property=\"og:site_name\" content=\"Fabrica de cinturones\" \/>\n<meta property=\"article:modified_time\" content=\"2023-10-24T16:24:25+00:00\" \/>\n<meta name=\"twitter:card\" content=\"summary_large_image\" \/>\n<meta name=\"twitter:label1\" content=\"Dur\u00e9e de lecture estim\u00e9e\" \/>\n\t<meta name=\"twitter:data1\" content=\"1 minute\" \/>\n<script type=\"application\/ld+json\" class=\"yoast-schema-graph\">{\"@context\":\"https:\\\/\\\/schema.org\",\"@graph\":[{\"@type\":\"WebPage\",\"@id\":\"https:\\\/\\\/www.fabricacinturones.com\\\/fr\\\/ceintures-grande-taille-pour-femmes\\\/\",\"url\":\"https:\\\/\\\/www.fabricacinturones.com\\\/fr\\\/ceintures-grande-taille-pour-femmes\\\/\",\"name\":\"Ceintures grande taille pour femmes | Jmn1970 | Details Make the Difference\",\"isPartOf\":{\"@id\":\"https:\\\/\\\/www.fabricacinturones.com\\\/fr\\\/#website\"},\"datePublished\":\"2023-10-24T16:24:24+00:00\",\"dateModified\":\"2023-10-24T16:24:25+00:00\",\"breadcrumb\":{\"@id\":\"https:\\\/\\\/www.fabricacinturones.com\\\/fr\\\/ceintures-grande-taille-pour-femmes\\\/#breadcrumb\"},\"inLanguage\":\"fr-FR\",\"potentialAction\":[{\"@type\":\"ReadAction\",\"target\":[\"https:\\\/\\\/www.fabricacinturones.com\\\/fr\\\/ceintures-grande-taille-pour-femmes\\\/\"]}]},{\"@type\":\"BreadcrumbList\",\"@id\":\"https:\\\/\\\/www.fabricacinturones.com\\\/fr\\\/ceintures-grande-taille-pour-femmes\\\/#breadcrumb\",\"itemListElement\":[{\"@type\":\"ListItem\",\"position\":1,\"name\":\"Portada\",\"item\":\"https:\\\/\\\/www.fabricacinturones.com\\\/fr\\\/\"},{\"@type\":\"ListItem\",\"position\":2,\"name\":\"Ceintures grande taille pour femmes\"}]},{\"@type\":\"WebSite\",\"@id\":\"https:\\\/\\\/www.fabricacinturones.com\\\/fr\\\/#website\",\"url\":\"https:\\\/\\\/www.fabricacinturones.com\\\/fr\\\/\",\"name\":\"Fabrica de cinturones\",\"description\":\"\",\"publisher\":{\"@id\":\"https:\\\/\\\/www.fabricacinturones.com\\\/fr\\\/#organization\"},\"potentialAction\":[{\"@type\":\"SearchAction\",\"target\":{\"@type\":\"EntryPoint\",\"urlTemplate\":\"https:\\\/\\\/www.fabricacinturones.com\\\/fr\\\/?s={search_term_string}\"},\"query-input\":{\"@type\":\"PropertyValueSpecification\",\"valueRequired\":true,\"valueName\":\"search_term_string\"}}],\"inLanguage\":\"fr-FR\"},{\"@type\":\"Organization\",\"@id\":\"https:\\\/\\\/www.fabricacinturones.com\\\/fr\\\/#organization\",\"name\":\"Jmn 1970brica de cinturones\",\"url\":\"https:\\\/\\\/www.fabricacinturones.com\\\/fr\\\/\",\"logo\":{\"@type\":\"ImageObject\",\"inLanguage\":\"fr-FR\",\"@id\":\"https:\\\/\\\/www.fabricacinturones.com\\\/fr\\\/#\\\/schema\\\/logo\\\/image\\\/\",\"url\":\"https:\\\/\\\/www.fabricacinturones.com\\\/wp-content\\\/uploads\\\/2023\\\/07\\\/cropped-cropped-cropped-Logo-con-tipografia-circular-para-servicios-fotografo-beis-y-negro-1-150x42-1.png\",\"contentUrl\":\"https:\\\/\\\/www.fabricacinturones.com\\\/wp-content\\\/uploads\\\/2023\\\/07\\\/cropped-cropped-cropped-Logo-con-tipografia-circular-para-servicios-fotografo-beis-y-negro-1-150x42-1.png\",\"width\":150,\"height\":42,\"caption\":\"Jmn 1970brica de cinturones\"},\"image\":{\"@id\":\"https:\\\/\\\/www.fabricacinturones.com\\\/fr\\\/#\\\/schema\\\/logo\\\/image\\\/\"},\"sameAs\":[\"https:\\\/\\\/www.instagram.com\\\/jmn1970co\\\/\"]}]}<\/script>\n<!-- \/ Yoast SEO plugin. -->","yoast_head_json":{"title":"Ceintures grande taille pour femmes | Jmn1970 | Details Make the Difference","robots":{"index":"index","follow":"follow","max-snippet":"max-snippet:-1","max-image-preview":"max-image-preview:large","max-video-preview":"max-video-preview:-1"},"canonical":"https:\/\/www.fabricacinturones.com\/fr\/ceintures-grande-taille-pour-femmes\/","og_locale":"fr_FR","og_type":"article","og_title":"Ceintures grande taille pour femmes | Jmn1970 | Details Make the Difference","og_description":"[row style=\u00a0\u00bbcollapse\u00a0\u00bb width=\u00a0\u00bbfull-width\u00a0\u00bb] [col span=\u00a0\u00bb5&Prime; span__sm=\u00a0\u00bb12&Prime;] [ux_banner height=\u00a0\u00bb560px\u00a0\u00bb bg=\u00a0\u00bb594&Prime; bg_color=\u00a0\u00bb#878787&Prime; bg_pos=\u00a0\u00bb80% 69%\u00a0\u00bb hover=\u00a0\u00bbzoom-fade\u00a0\u00bb parallax=\u00a0\u00bb8&Prime;] [\/ux_banner] [\/col] [col span=\u00a0\u00bb7&Prime; span__sm=\u00a0\u00bb12&Prime;] [ux_banner height=\u00a0\u00bb560px\u00a0\u00bb bg_color=\u00a0\u00bbrgb(253, 253, 253)\u00a0\u00bb] [text_box text_color=\u00a0\u00bbdark\u00a0\u00bb position_x=\u00a0\u00bb50&Prime; position_y=\u00a0\u00bb50&Prime; text_align=\u00a0\u00bbleft\u00a0\u00bb] [gap height=\u00a0\u00bb6px\u00a0\u00bb] Ceintures grande taille pour femmes Trouvez la ceinture en cuir grande taille parfaite pour s&rsquo;adapter \u00e0 votre tenue et \u00e0 chaque occasion. [gap height=\u00a0\u00bb10px\u00a0\u00bb] [&hellip;]","og_url":"https:\/\/www.fabricacinturones.com\/fr\/ceintures-grande-taille-pour-femmes\/","og_site_name":"Fabrica de cinturones","article_modified_time":"2023-10-24T16:24:25+00:00","twitter_card":"summary_large_image","twitter_misc":{"Dur\u00e9e de lecture estim\u00e9e":"1 minute"},"schema":{"@context":"https:\/\/schema.org","@graph":[{"@type":"WebPage","@id":"https:\/\/www.fabricacinturones.com\/fr\/ceintures-grande-taille-pour-femmes\/","url":"https:\/\/www.fabricacinturones.com\/fr\/ceintures-grande-taille-pour-femmes\/","name":"Ceintures grande taille pour femmes | Jmn1970 | Details Make the Difference","isPartOf":{"@id":"https:\/\/www.fabricacinturones.com\/fr\/#website"},"datePublished":"2023-10-24T16:24:24+00:00","dateModified":"2023-10-24T16:24:25+00:00","breadcrumb":{"@id":"https:\/\/www.fabricacinturones.com\/fr\/ceintures-grande-taille-pour-femmes\/#breadcrumb"},"inLanguage":"fr-FR","potentialAction":[{"@type":"ReadAction","target":["https:\/\/www.fabricacinturones.com\/fr\/ceintures-grande-taille-pour-femmes\/"]}]},{"@type":"BreadcrumbList","@id":"https:\/\/www.fabricacinturones.com\/fr\/ceintures-grande-taille-pour-femmes\/#breadcrumb","itemListElement":[{"@type":"ListItem","position":1,"name":"Portada","item":"https:\/\/www.fabricacinturones.com\/fr\/"},{"@type":"ListItem","position":2,"name":"Ceintures grande taille pour femmes"}]},{"@type":"WebSite","@id":"https:\/\/www.fabricacinturones.com\/fr\/#website","url":"https:\/\/www.fabricacinturones.com\/fr\/","name":"Fabrica de cinturones","description":"","publisher":{"@id":"https:\/\/www.fabricacinturones.com\/fr\/#organization"},"potentialAction":[{"@type":"SearchAction","target":{"@type":"EntryPoint","urlTemplate":"https:\/\/www.fabricacinturones.com\/fr\/?s={search_term_string}"},"query-input":{"@type":"PropertyValueSpecification","valueRequired":true,"valueName":"search_term_string"}}],"inLanguage":"fr-FR"},{"@type":"Organization","@id":"https:\/\/www.fabricacinturones.com\/fr\/#organization","name":"Jmn 1970brica de cinturones","url":"https:\/\/www.fabricacinturones.com\/fr\/","logo":{"@type":"ImageObject","inLanguage":"fr-FR","@id":"https:\/\/www.fabricacinturones.com\/fr\/#\/schema\/logo\/image\/","url":"https:\/\/www.fabricacinturones.com\/wp-content\/uploads\/2023\/07\/cropped-cropped-cropped-Logo-con-tipografia-circular-para-servicios-fotografo-beis-y-negro-1-150x42-1.png","contentUrl":"https:\/\/www.fabricacinturones.com\/wp-content\/uploads\/2023\/07\/cropped-cropped-cropped-Logo-con-tipografia-circular-para-servicios-fotografo-beis-y-negro-1-150x42-1.png","width":150,"height":42,"caption":"Jmn 1970brica de cinturones"},"image":{"@id":"https:\/\/www.fabricacinturones.com\/fr\/#\/schema\/logo\/image\/"},"sameAs":["https:\/\/www.instagram.com\/jmn1970co\/"]}]}},"_links":{"self":[{"href":"https:\/\/www.fabricacinturones.com\/fr\/wp-json\/wp\/v2\/pages\/3676","targetHints":{"allow":["GET"]}}],"collection":[{"href":"https:\/\/www.fabricacinturones.com\/fr\/wp-json\/wp\/v2\/pages"}],"about":[{"href":"https:\/\/www.fabricacinturones.com\/fr\/wp-json\/wp\/v2\/types\/page"}],"author":[{"embeddable":true,"href":"https:\/\/www.fabricacinturones.com\/fr\/wp-json\/wp\/v2\/users\/1"}],"replies":[{"embeddable":true,"href":"https:\/\/www.fabricacinturones.com\/fr\/wp-json\/wp\/v2\/comments?post=3676"}],"version-history":[{"count":1,"href":"https:\/\/www.fabricacinturones.com\/fr\/wp-json\/wp\/v2\/pages\/3676\/revisions"}],"predecessor-version":[{"id":3684,"href":"https:\/\/www.fabricacinturones.com\/fr\/wp-json\/wp\/v2\/pages\/3676\/revisions\/3684"}],"wp:attachment":[{"href":"https:\/\/www.fabricacinturones.com\/fr\/wp-json\/wp\/v2\/media?parent=3676"}],"curies":[{"name":"wp","href":"https:\/\/api.w.org\/{rel}","templated":true}]}}