{"id":3690,"date":"2023-10-24T16:24:25","date_gmt":"2023-10-24T16:24:25","guid":{"rendered":"https:\/\/www.fabricacinturones.com\/soyez-la-meilleure-version\/"},"modified":"2023-10-24T16:24:25","modified_gmt":"2023-10-24T16:24:25","slug":"soyez-la-meilleure-version","status":"publish","type":"page","link":"https:\/\/www.fabricacinturones.com\/fr\/soyez-la-meilleure-version\/","title":{"rendered":"Soyez la meilleure version"},"content":{"rendered":"\n[ux_banner height=\u00a0\u00bb604px\u00a0\u00bb height__sm=\u00a0\u00bb470px\u00a0\u00bb bg=\u00a0\u00bb234&Prime; bg_overlay=\u00a0\u00bbrgba(0,0,0,.5)\u00a0\u00bb bg_pos=\u00a0\u00bb64% 22%\u00a0\u00bb]\n\n[text_box position_x=\u00a0\u00bb50&Prime; position_y=\u00a0\u00bb50&Prime;]\n\n<h1><strong>Soyez la meilleure version de vous-m\u00eame<\/strong><\/h1>\n<p>Nous voulons mettre en valeur toutes vos qualit\u00e9s et votre pr\u00e9sence dans les moments d\u00e9cisifs, et nous voulons aussi contribuer \u00e0 faire conna\u00eetre des <strong>projets novateurs ayant des retomb\u00e9es sociales<\/strong>.<\/p>\n<p>rejoignez le changement, trouvez votre meilleure version<\/p>\n[button text=\u00a0\u00bbaccessoires pour hommes\u00a0\u00bb color=\u00a0\u00bbwhite\u00a0\u00bb radius=\u00a0\u00bb57&Prime; link=\u00a0\u00bbhttps:\/\/jmn1970.com\u00a0\u00bb]\n\n[button text=\u00a0\u00bbaccessoires pour femmes\u00a0\u00bb color=\u00a0\u00bbwhite\u00a0\u00bb radius=\u00a0\u00bb57&Prime; link=\u00a0\u00bbhttps:\/\/jmn1970.com\u00a0\u00bb]\n\n\n[\/text_box]\n\n[\/ux_banner]\n[gap]\n\n[title text=\u00a0\u00bbDERNIERS ARTICLES\u00a0\u00bb]\n\n[blog_posts style=\u00a0\u00bbnormal\u00a0\u00bb columns=\u00a0\u00bb3&Prime; columns__md=\u00a0\u00bb1&Prime; depth=\u00a0\u00bb3&Prime; image_height=\u00a0\u00bb56.25%\u00a0\u00bb]\n\n[title text=\u00a0\u00bbNOTRE ESSENCE\u00a0\u00bb]\n\n[ux_instagram_feed username=\u00a0\u00bbmensfashionpost\u00a0\u00bb width=\u00a0\u00bbfull-width\u00a0\u00bb col_spacing=\u00a0\u00bbsmall\u00a0\u00bb]\n\n[share style=\u00a0\u00bboutline\u00a0\u00bb align=\u00a0\u00bbcenter\u00a0\u00bb]\n\n[title text=\u00a0\u00bbPOUR UN MONDE D&rsquo;\u00c9NERGIE PROPRE\u00a0\u00bb]\n\n[ux_portfolio]\n\n[title text=\u00a0\u00bb\u00c9V\u00c9NEMENTS\u00a0\u00bb]\n\n<p>Des contenus utiles pour progresser dans votre vie quotidienne avec votre propre attitude et les caract\u00e9ristiques de votre personnalit\u00e9 qui vous rendent unique.<br\/><em>\u00ab\u00a0Les d\u00e9tails font la diff\u00e9rence\u00a0\u00bb.<\/em><\/p>\n<p>Chez Jmn \u00ae, nous croyons et nous voulons vous aider \u00e0 faire ressortir la meilleure version de vous-m\u00eame. Exploitez toutes vos qualit\u00e9s, vous savez que les gens nous jugent et que notre opinion sur une personne est donn\u00e9e par la communication non verbale et la pr\u00e9sence, en cela nous allons vous aider, pour que les pr\u00e9jug\u00e9s des autres refl\u00e8tent \u00e0 100% le type de personne que vous \u00eates et que vous voulez devenir.<\/p>\n<p>Ce que vous pouvez trouver<\/p>\n<p>Ici, vous pouvez d\u00e9couvrir et apprendre des astuces pour am\u00e9liorer votre communication et votre pr\u00e9sence dans les affaires et les environnements professionnels. Nous croyons \u00e9galement en des mod\u00e8les d&rsquo;entreprise ayant une transcendance sociale et dont le contexte va au-del\u00e0 du profit \u00e9conomique.<\/p>\n<p>C&rsquo;est pourquoi notre marque soutiendra des mod\u00e8les d&rsquo;entreprise visant des \u00e9conomies durables et des projets innovants en soutenant les nouveaux entrepreneurs et l&rsquo;esprit d&rsquo;entreprise.<\/p>\n\n","protected":false},"excerpt":{"rendered":"<p>[ux_banner height=\u00a0\u00bb604px\u00a0\u00bb height__sm=\u00a0\u00bb470px\u00a0\u00bb bg=\u00a0\u00bb234&Prime; bg_overlay=\u00a0\u00bbrgba(0,0,0,.5)\u00a0\u00bb bg_pos=\u00a0\u00bb64% 22%\u00a0\u00bb] [text_box position_x=\u00a0\u00bb50&Prime; position_y=\u00a0\u00bb50&Prime;] Soyez la meilleure version de vous-m\u00eame Nous voulons mettre en valeur toutes vos qualit\u00e9s et votre pr\u00e9sence dans les moments d\u00e9cisifs, et nous voulons aussi contribuer \u00e0 faire conna\u00eetre des projets novateurs ayant des retomb\u00e9es sociales. rejoignez le changement, trouvez votre meilleure version [button text=\u00a0\u00bbaccessoires [&hellip;]<\/p>\n","protected":false},"author":1,"featured_media":0,"parent":0,"menu_order":0,"comment_status":"closed","ping_status":"closed","template":"","meta":{"site-sidebar-layout":"default","site-content-layout":"","ast-site-content-layout":"default","site-content-style":"default","site-sidebar-style":"default","ast-global-header-display":"","ast-banner-title-visibility":"","ast-main-header-display":"","ast-hfb-above-header-display":"","ast-hfb-below-header-display":"","ast-hfb-mobile-header-display":"","site-post-title":"","ast-breadcrumbs-content":"","ast-featured-img":"","footer-sml-layout":"","ast-disable-related-posts":"","theme-transparent-header-meta":"","adv-header-id-meta":"","stick-header-meta":"","header-above-stick-meta":"","header-main-stick-meta":"","header-below-stick-meta":"","astra-migrate-meta-layouts":"default","ast-page-background-enabled":"default","ast-page-background-meta":{"desktop":{"background-color":"","background-image":"","background-repeat":"repeat","background-position":"center center","background-size":"auto","background-attachment":"scroll","background-type":"","background-media":"","overlay-type":"","overlay-color":"","overlay-opacity":"","overlay-gradient":""},"tablet":{"background-color":"","background-image":"","background-repeat":"repeat","background-position":"center center","background-size":"auto","background-attachment":"scroll","background-type":"","background-media":"","overlay-type":"","overlay-color":"","overlay-opacity":"","overlay-gradient":""},"mobile":{"background-color":"","background-image":"","background-repeat":"repeat","background-position":"center center","background-size":"auto","background-attachment":"scroll","background-type":"","background-media":"","overlay-type":"","overlay-color":"","overlay-opacity":"","overlay-gradient":""}},"ast-content-background-meta":{"desktop":{"background-color":"var(--ast-global-color-5)","background-image":"","background-repeat":"repeat","background-position":"center center","background-size":"auto","background-attachment":"scroll","background-type":"","background-media":"","overlay-type":"","overlay-color":"","overlay-opacity":"","overlay-gradient":""},"tablet":{"background-color":"var(--ast-global-color-5)","background-image":"","background-repeat":"repeat","background-position":"center center","background-size":"auto","background-attachment":"scroll","background-type":"","background-media":"","overlay-type":"","overlay-color":"","overlay-opacity":"","overlay-gradient":""},"mobile":{"background-color":"var(--ast-global-color-5)","background-image":"","background-repeat":"repeat","background-position":"center center","background-size":"auto","background-attachment":"scroll","background-type":"","background-media":"","overlay-type":"","overlay-color":"","overlay-opacity":"","overlay-gradient":""}},"_joinchat":[],"footnotes":""},"class_list":["post-3690","page","type-page","status-publish","hentry"],"yoast_head":"<!-- This site is optimized with the Yoast SEO plugin v27.5 - https:\/\/yoast.com\/product\/yoast-seo-wordpress\/ -->\n<title>Soyez la meilleure version | Jmn1970 | Details Make the Difference<\/title>\n<meta name=\"robots\" content=\"index, follow, max-snippet:-1, max-image-preview:large, max-video-preview:-1\" \/>\n<link rel=\"canonical\" href=\"https:\/\/www.fabricacinturones.com\/fr\/soyez-la-meilleure-version\/\" \/>\n<meta property=\"og:locale\" content=\"fr_FR\" \/>\n<meta property=\"og:type\" content=\"article\" \/>\n<meta property=\"og:title\" content=\"Soyez la meilleure version | Jmn1970 | Details Make the Difference\" \/>\n<meta property=\"og:description\" content=\"[ux_banner height=\u00a0\u00bb604px\u00a0\u00bb height__sm=\u00a0\u00bb470px\u00a0\u00bb bg=\u00a0\u00bb234&Prime; bg_overlay=\u00a0\u00bbrgba(0,0,0,.5)\u00a0\u00bb bg_pos=\u00a0\u00bb64% 22%\u00a0\u00bb] [text_box position_x=\u00a0\u00bb50&Prime; position_y=\u00a0\u00bb50&Prime;] Soyez la meilleure version de vous-m\u00eame Nous voulons mettre en valeur toutes vos qualit\u00e9s et votre pr\u00e9sence dans les moments d\u00e9cisifs, et nous voulons aussi contribuer \u00e0 faire conna\u00eetre des projets novateurs ayant des retomb\u00e9es sociales. rejoignez le changement, trouvez votre meilleure version [button text=\u00a0\u00bbaccessoires [&hellip;]\" \/>\n<meta property=\"og:url\" content=\"https:\/\/www.fabricacinturones.com\/fr\/soyez-la-meilleure-version\/\" \/>\n<meta property=\"og:site_name\" content=\"Fabrica de cinturones\" \/>\n<meta name=\"twitter:card\" content=\"summary_large_image\" \/>\n<meta name=\"twitter:label1\" content=\"Dur\u00e9e de lecture estim\u00e9e\" \/>\n\t<meta name=\"twitter:data1\" content=\"2 minutes\" \/>\n<script type=\"application\/ld+json\" class=\"yoast-schema-graph\">{\"@context\":\"https:\\\/\\\/schema.org\",\"@graph\":[{\"@type\":\"WebPage\",\"@id\":\"https:\\\/\\\/www.fabricacinturones.com\\\/fr\\\/soyez-la-meilleure-version\\\/\",\"url\":\"https:\\\/\\\/www.fabricacinturones.com\\\/fr\\\/soyez-la-meilleure-version\\\/\",\"name\":\"Soyez la meilleure version | Jmn1970 | Details Make the Difference\",\"isPartOf\":{\"@id\":\"https:\\\/\\\/www.fabricacinturones.com\\\/fr\\\/#website\"},\"datePublished\":\"2023-10-24T16:24:25+00:00\",\"breadcrumb\":{\"@id\":\"https:\\\/\\\/www.fabricacinturones.com\\\/fr\\\/soyez-la-meilleure-version\\\/#breadcrumb\"},\"inLanguage\":\"fr-FR\",\"potentialAction\":[{\"@type\":\"ReadAction\",\"target\":[\"https:\\\/\\\/www.fabricacinturones.com\\\/fr\\\/soyez-la-meilleure-version\\\/\"]}]},{\"@type\":\"BreadcrumbList\",\"@id\":\"https:\\\/\\\/www.fabricacinturones.com\\\/fr\\\/soyez-la-meilleure-version\\\/#breadcrumb\",\"itemListElement\":[{\"@type\":\"ListItem\",\"position\":1,\"name\":\"Portada\",\"item\":\"https:\\\/\\\/www.fabricacinturones.com\\\/fr\\\/\"},{\"@type\":\"ListItem\",\"position\":2,\"name\":\"Soyez la meilleure version\"}]},{\"@type\":\"WebSite\",\"@id\":\"https:\\\/\\\/www.fabricacinturones.com\\\/fr\\\/#website\",\"url\":\"https:\\\/\\\/www.fabricacinturones.com\\\/fr\\\/\",\"name\":\"Fabrica de cinturones\",\"description\":\"\",\"publisher\":{\"@id\":\"https:\\\/\\\/www.fabricacinturones.com\\\/fr\\\/#organization\"},\"potentialAction\":[{\"@type\":\"SearchAction\",\"target\":{\"@type\":\"EntryPoint\",\"urlTemplate\":\"https:\\\/\\\/www.fabricacinturones.com\\\/fr\\\/?s={search_term_string}\"},\"query-input\":{\"@type\":\"PropertyValueSpecification\",\"valueRequired\":true,\"valueName\":\"search_term_string\"}}],\"inLanguage\":\"fr-FR\"},{\"@type\":\"Organization\",\"@id\":\"https:\\\/\\\/www.fabricacinturones.com\\\/fr\\\/#organization\",\"name\":\"Jmn 1970brica de cinturones\",\"url\":\"https:\\\/\\\/www.fabricacinturones.com\\\/fr\\\/\",\"logo\":{\"@type\":\"ImageObject\",\"inLanguage\":\"fr-FR\",\"@id\":\"https:\\\/\\\/www.fabricacinturones.com\\\/fr\\\/#\\\/schema\\\/logo\\\/image\\\/\",\"url\":\"https:\\\/\\\/www.fabricacinturones.com\\\/wp-content\\\/uploads\\\/2023\\\/07\\\/cropped-cropped-cropped-Logo-con-tipografia-circular-para-servicios-fotografo-beis-y-negro-1-150x42-1.png\",\"contentUrl\":\"https:\\\/\\\/www.fabricacinturones.com\\\/wp-content\\\/uploads\\\/2023\\\/07\\\/cropped-cropped-cropped-Logo-con-tipografia-circular-para-servicios-fotografo-beis-y-negro-1-150x42-1.png\",\"width\":150,\"height\":42,\"caption\":\"Jmn 1970brica de cinturones\"},\"image\":{\"@id\":\"https:\\\/\\\/www.fabricacinturones.com\\\/fr\\\/#\\\/schema\\\/logo\\\/image\\\/\"},\"sameAs\":[\"https:\\\/\\\/www.instagram.com\\\/jmn1970co\\\/\"]}]}<\/script>\n<!-- \/ Yoast SEO plugin. -->","yoast_head_json":{"title":"Soyez la meilleure version | Jmn1970 | Details Make the Difference","robots":{"index":"index","follow":"follow","max-snippet":"max-snippet:-1","max-image-preview":"max-image-preview:large","max-video-preview":"max-video-preview:-1"},"canonical":"https:\/\/www.fabricacinturones.com\/fr\/soyez-la-meilleure-version\/","og_locale":"fr_FR","og_type":"article","og_title":"Soyez la meilleure version | Jmn1970 | Details Make the Difference","og_description":"[ux_banner height=\u00a0\u00bb604px\u00a0\u00bb height__sm=\u00a0\u00bb470px\u00a0\u00bb bg=\u00a0\u00bb234&Prime; bg_overlay=\u00a0\u00bbrgba(0,0,0,.5)\u00a0\u00bb bg_pos=\u00a0\u00bb64% 22%\u00a0\u00bb] [text_box position_x=\u00a0\u00bb50&Prime; position_y=\u00a0\u00bb50&Prime;] Soyez la meilleure version de vous-m\u00eame Nous voulons mettre en valeur toutes vos qualit\u00e9s et votre pr\u00e9sence dans les moments d\u00e9cisifs, et nous voulons aussi contribuer \u00e0 faire conna\u00eetre des projets novateurs ayant des retomb\u00e9es sociales. rejoignez le changement, trouvez votre meilleure version [button text=\u00a0\u00bbaccessoires [&hellip;]","og_url":"https:\/\/www.fabricacinturones.com\/fr\/soyez-la-meilleure-version\/","og_site_name":"Fabrica de cinturones","twitter_card":"summary_large_image","twitter_misc":{"Dur\u00e9e de lecture estim\u00e9e":"2 minutes"},"schema":{"@context":"https:\/\/schema.org","@graph":[{"@type":"WebPage","@id":"https:\/\/www.fabricacinturones.com\/fr\/soyez-la-meilleure-version\/","url":"https:\/\/www.fabricacinturones.com\/fr\/soyez-la-meilleure-version\/","name":"Soyez la meilleure version | Jmn1970 | Details Make the Difference","isPartOf":{"@id":"https:\/\/www.fabricacinturones.com\/fr\/#website"},"datePublished":"2023-10-24T16:24:25+00:00","breadcrumb":{"@id":"https:\/\/www.fabricacinturones.com\/fr\/soyez-la-meilleure-version\/#breadcrumb"},"inLanguage":"fr-FR","potentialAction":[{"@type":"ReadAction","target":["https:\/\/www.fabricacinturones.com\/fr\/soyez-la-meilleure-version\/"]}]},{"@type":"BreadcrumbList","@id":"https:\/\/www.fabricacinturones.com\/fr\/soyez-la-meilleure-version\/#breadcrumb","itemListElement":[{"@type":"ListItem","position":1,"name":"Portada","item":"https:\/\/www.fabricacinturones.com\/fr\/"},{"@type":"ListItem","position":2,"name":"Soyez la meilleure version"}]},{"@type":"WebSite","@id":"https:\/\/www.fabricacinturones.com\/fr\/#website","url":"https:\/\/www.fabricacinturones.com\/fr\/","name":"Fabrica de cinturones","description":"","publisher":{"@id":"https:\/\/www.fabricacinturones.com\/fr\/#organization"},"potentialAction":[{"@type":"SearchAction","target":{"@type":"EntryPoint","urlTemplate":"https:\/\/www.fabricacinturones.com\/fr\/?s={search_term_string}"},"query-input":{"@type":"PropertyValueSpecification","valueRequired":true,"valueName":"search_term_string"}}],"inLanguage":"fr-FR"},{"@type":"Organization","@id":"https:\/\/www.fabricacinturones.com\/fr\/#organization","name":"Jmn 1970brica de cinturones","url":"https:\/\/www.fabricacinturones.com\/fr\/","logo":{"@type":"ImageObject","inLanguage":"fr-FR","@id":"https:\/\/www.fabricacinturones.com\/fr\/#\/schema\/logo\/image\/","url":"https:\/\/www.fabricacinturones.com\/wp-content\/uploads\/2023\/07\/cropped-cropped-cropped-Logo-con-tipografia-circular-para-servicios-fotografo-beis-y-negro-1-150x42-1.png","contentUrl":"https:\/\/www.fabricacinturones.com\/wp-content\/uploads\/2023\/07\/cropped-cropped-cropped-Logo-con-tipografia-circular-para-servicios-fotografo-beis-y-negro-1-150x42-1.png","width":150,"height":42,"caption":"Jmn 1970brica de cinturones"},"image":{"@id":"https:\/\/www.fabricacinturones.com\/fr\/#\/schema\/logo\/image\/"},"sameAs":["https:\/\/www.instagram.com\/jmn1970co\/"]}]}},"_links":{"self":[{"href":"https:\/\/www.fabricacinturones.com\/fr\/wp-json\/wp\/v2\/pages\/3690","targetHints":{"allow":["GET"]}}],"collection":[{"href":"https:\/\/www.fabricacinturones.com\/fr\/wp-json\/wp\/v2\/pages"}],"about":[{"href":"https:\/\/www.fabricacinturones.com\/fr\/wp-json\/wp\/v2\/types\/page"}],"author":[{"embeddable":true,"href":"https:\/\/www.fabricacinturones.com\/fr\/wp-json\/wp\/v2\/users\/1"}],"replies":[{"embeddable":true,"href":"https:\/\/www.fabricacinturones.com\/fr\/wp-json\/wp\/v2\/comments?post=3690"}],"version-history":[{"count":1,"href":"https:\/\/www.fabricacinturones.com\/fr\/wp-json\/wp\/v2\/pages\/3690\/revisions"}],"predecessor-version":[{"id":3698,"href":"https:\/\/www.fabricacinturones.com\/fr\/wp-json\/wp\/v2\/pages\/3690\/revisions\/3698"}],"wp:attachment":[{"href":"https:\/\/www.fabricacinturones.com\/fr\/wp-json\/wp\/v2\/media?parent=3690"}],"curies":[{"name":"wp","href":"https:\/\/api.w.org\/{rel}","templated":true}]}}